{"id":1759,"date":"2024-01-22T12:27:22","date_gmt":"2024-01-22T10:27:22","guid":{"rendered":"https:\/\/espoonperinneseura.net\/yritykset\/?page_id=1759"},"modified":"2026-02-17T12:03:01","modified_gmt":"2026-02-17T10:03:01","slug":"digital-suomessa","status":"publish","type":"page","link":"https:\/\/espoonperinneseura.net\/yritykset\/yrittajyys\/digital-suomessa\/","title":{"rendered":"Digital Suomessa \u2013 edell\u00e4k\u00e4vijyytt\u00e4 monella saralla"},"content":{"rendered":"<p><em>Eija-Liisa Hiltunen-Nordstr\u00f6m<\/em><\/p>\n<p><strong>Moni tietotekniikan ja ohjelmistoalan yritys l\u00f6ysi kotipes\u00e4ns\u00e4 Espoosta viime vuosituhannen puolella. Niin my\u00f6s Digital Equipment Corporation, aikanaan maailman toiseksi suurin tietotekniikkayritys, joka toimi parhaimmillaan yli 100 maassa.<\/strong><\/p>\n<p>Yhdysvalloissa p\u00e4\u00e4majaansa pit\u00e4neen kansainv\u00e4lisen yrityksen Suomen tyt\u00e4ryhti\u00f6 Digital Equipment Corporation Oy (DEC, Digital) perustettiin hein\u00e4kuussa vuonna 1972. Digitalin ensimm\u00e4inen toimipiste Helsingin Pihlajistossa k\u00e4vi pieneksi jo seuraavana vuonna. Kasvava yritys l\u00f6ysi riitt\u00e4v\u00e4t tilat Espoosta Soukan ostoskeskuksesta kes\u00e4ll\u00e4 1973. Vauhdikas kasvu jatkui ja n\u00e4m\u00e4kin tilat j\u00e4iv\u00e4t liian pieniksi jo parissa vuodessa. Moninkertaisesti suuremmat tilat hankittiin 3M:n talosta Mankkaan Sinim\u00e4entielt\u00e4. Tuhat neli\u00f6t\u00e4 riitti viideksi vuodeksi ja muutto oli edess\u00e4 jo vuonna 1978 Niittykumpuun.<\/p>\n<p>Niittykummusta tuli Digitalin pitk\u00e4ik\u00e4isin paikka. Yritys toimi noin kymmenen vuotta Koulutie 4:ssa (vuonna 2024 katu tunnetaan Niittyporttina). Osa toiminnoista jouduttiin my\u00f6hemmin siirt\u00e4m\u00e4\u00e4n muualle, kuten yll\u00e4pito ja huolto Koronakatu 2:een Olariin ja koulutustilat Tapiolan Vesiputoustaloon, kunnes p\u00e4\u00e4tettiin rakennuttaa oma toimitalo.<\/p>\n<p>Edell\u00e4k\u00e4vijyydest\u00e4\u00e4n ja innovatiivisuudestaan tunnetussa Suomen Digitalissa oivallettiin, ett\u00e4 talo kannattaa rakentaa tietoverkon ymp\u00e4rille, jotta siit\u00e4 tulisi joustavasti muuntautuva ja se vastaisi erilaisiin tarpeisiin toiminnan kehittyess\u00e4. Talo toimisi my\u00f6s el\u00e4v\u00e4n\u00e4 esimerkkin\u00e4, kun asiakkaille ja yhteisty\u00f6kumppaneille esitell\u00e4\u00e4n Digitalin tuotteita ja palveluita aidossa toimintaymp\u00e4rist\u00f6ss\u00e4. Vuonna 1986 Niittykumpuun, osoitteeseen Niittym\u00e4entie 7, valmistui uusi Suomen Digitalin p\u00e4\u00e4konttori, jota kutsuttiin Tietoyhteiskuntataloksi. Vakuutusyhti\u00f6 Ilmarinen omisti talon ja vuokralaisena Digital viihtyi \u201domassa\u201d rakennuksessaan toistakymment\u00e4 vuotta aina vuoteen 1998 saakka, jolloin toiminta Digital-br\u00e4ndin alla p\u00e4\u00e4ttyi.<\/p>\n<p>Osa Digitalin tuotteista ja palveluista jatkoi el\u00e4m\u00e4\u00e4ns\u00e4 Espoossa viel\u00e4 vuosia yrityksen uusien omistajien, ensin Compaq Computerin ja sittemmin Hewlett-Packard Enterprise -yhti\u00f6n, hoivissa.<\/p>\n<h4>Espoolaisuutta Digitalin tapaan<\/h4>\n<p>Kun lukee Espoon kaupungin visiota vuonna 2024, ei ole ihme, ett\u00e4 Digital viihtyi kaupungissa l\u00e4hes koko sen ajan, mit\u00e4 yritys toimi Suomessa. Edell\u00e4k\u00e4vij\u00e4kaupunkiin halutaan edell\u00e4k\u00e4vij\u00e4yrityksi\u00e4 ja sit\u00e4 Digital oli.<\/p>\n<p>Espoon ja Digitalin tarinassa ja visiossa on paljon yht\u00e4l\u00e4isyyksi\u00e4. Espoo haluaa, ett\u00e4 kaupungissa on hyv\u00e4 asua, oppia, tehd\u00e4 ty\u00f6t\u00e4, yritt\u00e4\u00e4, ja ett\u00e4 asukkaat voivat vaikuttaa paikkakunnan asioihin. N\u00e4in oli my\u00f6s Digitalissa, jonka yrityskulttuuri, johtamisfilosofia ja henkil\u00f6st\u00f6politiikka osallistuttivat ihmiset kehitt\u00e4m\u00e4\u00e4n ja kehittym\u00e4\u00e4n, ajattelemaan ja toimimaan ns. laatikon ulkopuolelta \u2013 jopa aluksi ehk\u00e4 hulluiltakin kuulostavia asioita.<\/p>\n<p>Ennakkoluuloton, kokeileva, rohkea ja uutta luova ajattelu leimasi Suomen Digitalin toimintaa. Innostunut yhdess\u00e4 tekeminen yhteisen tavoitteen eteen oli arkea. T\u00e4st\u00e4 hyv\u00e4 esimerkki on muun muassa <em>Office of the Future\/Tulevaisuuden toimisto<\/em> -konsepti: Digital oli ensimm\u00e4inen suomalainen yritys, joka poisti toimistosta sein\u00e4t ja ty\u00f6skenteli avokonttorissa, miss\u00e4 kaikilla ei ollut omaa ty\u00f6pistett\u00e4, ei useimmilla johtajillakaan. T\u00e4m\u00e4 suuntaus on jalostunut edelleenkin toimistoty\u00f6skentelyss\u00e4.<\/p>\n<div id=\"attachment_1767\" style=\"width: 610px\" class=\"wp-caption alignnone\"><img loading=\"lazy\" decoding=\"async\" aria-describedby=\"caption-attachment-1767\" class=\"wp-image-1767 size-large\" src=\"https:\/\/espoonperinneseura.net\/yritykset\/wp-content\/uploads\/2024\/01\/OoF-kuva-kirjasta-kuvattu-2024-1024x768.jpg\" alt=\"\" width=\"600\" height=\"450\" srcset=\"https:\/\/espoonperinneseura.net\/yritykset\/wp-content\/uploads\/2024\/01\/OoF-kuva-kirjasta-kuvattu-2024-1024x768.jpg 1024w, https:\/\/espoonperinneseura.net\/yritykset\/wp-content\/uploads\/2024\/01\/OoF-kuva-kirjasta-kuvattu-2024-300x225.jpg 300w, https:\/\/espoonperinneseura.net\/yritykset\/wp-content\/uploads\/2024\/01\/OoF-kuva-kirjasta-kuvattu-2024-768x576.jpg 768w, https:\/\/espoonperinneseura.net\/yritykset\/wp-content\/uploads\/2024\/01\/OoF-kuva-kirjasta-kuvattu-2024-1536x1152.jpg 1536w, https:\/\/espoonperinneseura.net\/yritykset\/wp-content\/uploads\/2024\/01\/OoF-kuva-kirjasta-kuvattu-2024-2048x1536.jpg 2048w\" sizes=\"auto, (max-width: 600px) 100vw, 600px\" \/><p id=\"caption-attachment-1767\" class=\"wp-caption-text\">Kuvassa Digitalin Office of the Future -toimistoa vuodelta 1988. Kuva on otettu Meid\u00e4n DEC \u2013 Tarinoita Suomen Digitalista -kirjasta ja se oli alun perin yksi yrityksen markkinointiviestinn\u00e4ss\u00e4 k\u00e4ytetyist\u00e4 kuvista.<\/p><\/div>\n<p>Digital haastoi vallitsevia tapoja ja edisti osaltaan paikasta ja ajasta riippumatonta ty\u00f6skentely\u00e4 sen ajan tietoteknisin mahdollisuuksin. Miksi ajaa esimerkiksi L\u00e4nsiv\u00e4yl\u00e4n ruuhkissa aamuin illoin, kun voi joustavasti ty\u00f6skennell\u00e4 et\u00e4n\u00e4 siten, ett\u00e4 v\u00e4ltt\u00e4\u00e4 ruuhkat. Tulevaisuuden toimisto -konsepti kiinnosti my\u00f6s kansainv\u00e4lisesti ja siihen tultiin tutustumaan maailmalta muutamista yliopistoistakin.<\/p>\n<h4>Innovaatioiden \u00e4\u00e4rell\u00e4<\/h4>\n<p>Aikalaiset muistavat Digitalin monet innovaatiot. Tietokoneet siirtyiv\u00e4t isoista konesaleista k\u00e4ytt\u00e4jien ty\u00f6p\u00f6ydille ja tehtaiden lattioille. Digitalin tietokoneet ja -verkot ovat n\u00e4ytt\u00e4neet tiet\u00e4 nykyiselle kehitykselle mobiiliaikaan.<\/p>\n<p>Aikoinaan Digitalin kehitt\u00e4m\u00e4 maailman nopein Alpha-siru siivitti tehokkaampaan tietojenk\u00e4sittelyyn eri aloilla. AltaVista -hakupalvelua vuodelta 1995 pidet\u00e4\u00e4n Googlen esi\u00e4itin\u00e4. DECmail, Videotex, Notes ja All-in-1 olivat henkil\u00f6st\u00f6n k\u00e4yt\u00f6ss\u00e4 jo 1980-luvulla \u2013 ja olivat s\u00e4hk\u00f6postin, internetin ja intranetin, Facebookin ja chattien kaltaisten nykyviestinten edelt\u00e4ji\u00e4. Et\u00e4ty\u00f6 oli jo tuolloin mahdollista yhtym\u00e4n maailmanlaajuisen sis\u00e4isen Easynet-verkon kautta.<\/p>\n<p>Monta muutakin toimintaan liittyv\u00e4\u00e4 asiaa tehtiin ensimm\u00e4isen\u00e4 tai ainakin yhten\u00e4 ensimm\u00e4isist\u00e4. Markkinoinnin, myynnin ja viestinn\u00e4n tiivis yhteisty\u00f6, avonainen ja viihtyis\u00e4 messuosasto sohvineen ja nojatuoleineen, asiakkaan huomiointi tarjoten ns. \u201dcustomer delight\u201d -kokemuksen my\u00f6s asiakastilaisuuksissa.<\/p>\n<p>Ty\u00f6nantajamielikuvaa rakennettiin tekniikan ja kaupallisen alan opiskelijoiden suuntaan, mink\u00e4 ansiosta yritys oli aikanaan yksi halutuimmista ty\u00f6paikoista. Toimintoja ulkoistettiin jo 1980-luvulla, silloin vendorisoinnin nimiss\u00e4: kaiken ei tarvinnut olla omaa ja voitiin keskitty\u00e4 yrityksen ydintoimintaan.<\/p>\n<p>Kokeiltiin erilaisia palveluita henkil\u00f6st\u00f6n arjen sujuvoittamiseksi, kuten pesula- ja suutaripalveluita, ruokaostosten nettitilauksia ja toimituksia kylm\u00e4kaappeihin toimistolle. Henkil\u00f6st\u00f6ravintolasta sanottiin, ett\u00e4 se oli aikanaan \u201dEspoon paras ravintola\u201d teemaviikkoineen, maksuttomine kahveineen ja Chaine des Rotisseurs -tason kokkeineen, joiden herkuista asiakkaatkin p\u00e4\u00e4siv\u00e4t nauttimaan.<\/p>\n<p>Roolipelej\u00e4 ja simulaatioita hy\u00f6dynnettiin esimiesvalmennuksissa, jotta varmistettiin henkil\u00f6n soveltuvuus teht\u00e4v\u00e4\u00e4n. Urakurkkaamossa p\u00e4\u00e4si kokeilemaan, sopisiko jokin teht\u00e4v\u00e4 itselle. Urakierto yrityksen sis\u00e4ll\u00e4 ja jopa yritysten v\u00e4lill\u00e4 mahdollistettiin eri teht\u00e4viss\u00e4. Toiminta ja sen kehitt\u00e4minen oli dynaamista, ihmisi\u00e4 arvostettiin ja heihin luotettiin.<\/p>\n<p>Oppivan organisaation ja jatkuvan oppimisen hengess\u00e4 my\u00f6s vastuuta ja toimivaltaa annettiin. Se antoi mahdollisuuden kehitty\u00e4 niin ammatillisesti kuin ihmisen\u00e4. Kehityskeskustelut k\u00e4ytiin rakentavassa hengess\u00e4. Ja jo silloin, ict-alan tapaan, vapaa-ajan toimintaa kanavoitiin Deccarit-henkil\u00f6st\u00f6yhdistyksen kymmenien kerhojen kautta, mik\u00e4 on nykyisin arkip\u00e4iv\u00e4\u00e4 l\u00e4hes alasta riippumatta.<\/p>\n<h4>Digital-henki el\u00e4\u00e4 edelleen<\/h4>\n<p>Vuonna 1998 Digitalin tarina omana yrityksen\u00e4 p\u00e4\u00e4ttyi yritysoston seurauksena. Suomen Digitalin ty\u00f6ntekij\u00e4t olivat kysyttyj\u00e4 ammattilaisia muihin yrityksiin viel\u00e4 vuosia yrityksen fuusioitumisen j\u00e4lkeen.<\/p>\n<p>Suomessa Digital kasvoi muutamasta ihmisest\u00e4 parhaimmillaan yli 500 ammattilaista ty\u00f6llist\u00e4v\u00e4ksi yritykseksi, joka oli useana vuonna yksi Suomen kannattavimmista yrityksist\u00e4. Toimintansa aikana Suomen Digitalissa ty\u00f6skenteli l\u00e4hes tuhat ammattilaista. Suomen Digitalin innovatiivisessa ja kannustavassa ilmapiiriss\u00e4 ihmiset viihtyiv\u00e4t. Aika Digitalissa on vahvistanut omaa ammatti-identiteetti\u00e4, antanut n\u00e4kemyst\u00e4 ja perspektiivi\u00e4 tekemiseen ja mahdollistanut oppien soveltamisen uran jatkuessa toisaalla. Moneen digitalilaiseen ty\u00f6skentely Digitalissa on j\u00e4tt\u00e4nyt pysyv\u00e4n j\u00e4ljen.<\/p>\n<p>T\u00e4st\u00e4 kertoo my\u00f6s se, ett\u00e4 Suomen digitalilaiset perustivat ep\u00e4virallisen exdec-yhdistyksen, joka toimii edelleen vuonna 2024 ja exdeccil\u00e4iset tapaavat vuosittain. Tapaamisiin osallistuu usein yli sata exdeccil\u00e4ist\u00e4, isompiin tilaisuuksiin jopa satoja. Mottona exdec-toiminnassa on <em>Rakentavahenkinen hauskanpito deccil\u00e4isitt\u00e4in<\/em>.<\/p>\n<p>exdec on kokoontunut my\u00f6s 10 \/ 15 \/ 20 ja 25 years\u2019 after -bileisiin p\u00e4\u00e4kaupunkiseudulla, tehnyt matkan Ranskaan Valbonnen seudulle entisiin Euroopan osaamiskeskuksen maisemiin ja pienemmiss\u00e4 ryhmiss\u00e4 mm. golfannut, lasketellut m\u00e4ke\u00e4 talvisin, osallistunut kulttuuririentoihin ja pienimuotoisempiin funktiokohtaisiin tapaamisiin kollegoiden kesken. Moni on l\u00f6yt\u00e4nyt el\u00e4m\u00e4nkumppaninsakin yrityksess\u00e4 ty\u00f6skennelless\u00e4\u00e4n. Nykyisin kollegat tapaavat vuosittain matalan kynnyksen pubi-illoissa ja lis\u00e4ksi ns. ex-tempore -toiminnan kautta periaatteella, ett\u00e4 ehdotuksen esitt\u00e4j\u00e4 kantaa j\u00e4rjestelyvastuun, kuten esimerkiksi purjehdusreissulla Astrid-kuunarilla, joka toimi usean vuoden ajan asiakas-, lehdist\u00f6- ja henkil\u00f6st\u00f6tilaisuuksienkin n\u00e4ytt\u00e4m\u00f6n\u00e4 ja tarjosi merellisi\u00e4 ja kulinaarisia el\u00e4myksi\u00e4 osallistujille.<\/p>\n<p>Digital-henki el\u00e4\u00e4 my\u00f6s <em>Meid\u00e4n DEC -Tarinoita Suomen Digitalista<\/em> -kirjan sivuilla. Retrohenkinen painettu kirja p\u00e4\u00e4tettiin tehd\u00e4 erityisesti exdeccil\u00e4isille yhteisty\u00f6ss\u00e4, jolloin useat digitalilaiset kirjoittivat omia muistojaan ajastaan Digitalissa ja yrityksen toiminnasta aikanaan ict-alan edell\u00e4k\u00e4vij\u00e4n\u00e4 Suomessa. Digitalissa ty\u00f6skennelleet ovat tavallaan oma heimonsa, jonka j\u00e4senten parissa on kiva tekemisen meininki ja yhteishenki edelleen.<\/p>\n","protected":false},"excerpt":{"rendered":"<p>Eija-Liisa Hiltunen-Nordstr\u00f6m Moni tietotekniikan ja ohjelmistoalan yritys l\u00f6ysi kotipes\u00e4ns\u00e4 Espoosta viime vuosituhannen puolella. Niin my\u00f6s Digital Equipment Corporation, aikanaan maailman toiseksi suurin tietotekniikkayritys, joka toimi parhaimmillaan yli 100 maassa. Yhdysvalloissa p\u00e4\u00e4majaansa pit\u00e4neen kansainv\u00e4lisen yrityksen Suomen tyt\u00e4ryhti\u00f6 Digital Equipment Corporation Oy <span class=\"excerpt-dots\">&hellip;<\/span> <a class=\"more-link\" href=\"https:\/\/espoonperinneseura.net\/yritykset\/yrittajyys\/digital-suomessa\/\"><span class=\"more-msg\">Jatka lukemista &rarr;<\/span><\/a><\/p>\n","protected":false},"author":1,"featured_media":0,"parent":288,"menu_order":0,"comment_status":"closed","ping_status":"closed","template":"","meta":{"om_disable_all_campaigns":false,"_monsterinsights_skip_tracking":false,"_monsterinsights_sitenote_active":false,"_monsterinsights_sitenote_note":"","_monsterinsights_sitenote_category":0,"_uf_show_specific_survey":0,"_uf_disable_surveys":false,"footnotes":""},"class_list":["post-1759","page","type-page","status-publish","hentry"],"aioseo_notices":[],"featured_image_src":null,"_links":{"self":[{"href":"https:\/\/espoonperinneseura.net\/yritykset\/wp-json\/wp\/v2\/pages\/1759","targetHints":{"allow":["GET"]}}],"collection":[{"href":"https:\/\/espoonperinneseura.net\/yritykset\/wp-json\/wp\/v2\/pages"}],"about":[{"href":"https:\/\/espoonperinneseura.net\/yritykset\/wp-json\/wp\/v2\/types\/page"}],"author":[{"embeddable":true,"href":"https:\/\/espoonperinneseura.net\/yritykset\/wp-json\/wp\/v2\/users\/1"}],"replies":[{"embeddable":true,"href":"https:\/\/espoonperinneseura.net\/yritykset\/wp-json\/wp\/v2\/comments?post=1759"}],"version-history":[{"count":5,"href":"https:\/\/espoonperinneseura.net\/yritykset\/wp-json\/wp\/v2\/pages\/1759\/revisions"}],"predecessor-version":[{"id":1773,"href":"https:\/\/espoonperinneseura.net\/yritykset\/wp-json\/wp\/v2\/pages\/1759\/revisions\/1773"}],"up":[{"embeddable":true,"href":"https:\/\/espoonperinneseura.net\/yritykset\/wp-json\/wp\/v2\/pages\/288"}],"wp:attachment":[{"href":"https:\/\/espoonperinneseura.net\/yritykset\/wp-json\/wp\/v2\/media?parent=1759"}],"curies":[{"name":"wp","href":"https:\/\/api.w.org\/{rel}","templated":true}]}}