{"id":210,"date":"2022-09-21T17:54:44","date_gmt":"2022-09-21T14:54:44","guid":{"rendered":"https:\/\/espoonperinneseura.net\/yritykset\/?page_id=210"},"modified":"2022-10-08T13:32:25","modified_gmt":"2022-10-08T10:32:25","slug":"perusteollisuus","status":"publish","type":"page","link":"https:\/\/espoonperinneseura.net\/yritykset\/teollisuus\/perusteollisuus\/","title":{"rendered":"Perusteollisuus"},"content":{"rendered":"\n<p><a href=\"https:\/\/espoonperinneseura.net\/yritykset\/orion-oyj-suomen-suurin-laakeyhtio\/\" title=\"Orion Oyj, Suomen suurin l\u00e4\u00e4keyhti\u00f6\">Orion<\/a><br>Fortum<br>Neste<br>Kuusakoski<br><a href=\"https:\/\/www.empekkinen.fi\/e.m.-pekkinen-oy\/historia.html\" target=\"_blank\" rel=\"noreferrer noopener\">E.M. Pekkinen Oy<\/a><br>EKE-Yhti\u00f6t<\/p>\n\n\n\n<div class=\"wp-block-columns is-layout-flex wp-container-core-columns-is-layout-9d6595d7 wp-block-columns-is-layout-flex\">\n<div class=\"wp-block-column is-layout-flow wp-block-column-is-layout-flow\">\n<figure class=\"wp-block-image size-large\"><a href=\"https:\/\/espoonperinneseura.net\/yritykset\/orion-oyj-suomen-suurin-laakeyhtio\/\"><img loading=\"lazy\" decoding=\"async\" width=\"1024\" height=\"538\" src=\"https:\/\/espoonperinneseura.net\/yritykset\/wp-content\/uploads\/2022\/09\/Orion-logo-1024x538.jpg\" alt=\"\" class=\"wp-image-217\" srcset=\"https:\/\/espoonperinneseura.net\/yritykset\/wp-content\/uploads\/2022\/09\/Orion-logo-1024x538.jpg 1024w, https:\/\/espoonperinneseura.net\/yritykset\/wp-content\/uploads\/2022\/09\/Orion-logo-300x158.jpg 300w, https:\/\/espoonperinneseura.net\/yritykset\/wp-content\/uploads\/2022\/09\/Orion-logo-768x403.jpg 768w, https:\/\/espoonperinneseura.net\/yritykset\/wp-content\/uploads\/2022\/09\/Orion-logo.jpg 1200w\" sizes=\"auto, (max-width: 1024px) 100vw, 1024px\" \/><\/a><\/figure>\n<\/div>\n\n\n\n<div class=\"wp-block-column is-layout-flow wp-block-column-is-layout-flow\"><\/div>\n\n\n\n<div class=\"wp-block-column is-layout-flow wp-block-column-is-layout-flow\"><\/div>\n<\/div>\n","protected":false},"excerpt":{"rendered":"<p>OrionFortumNesteKuusakoskiE.M. Pekkinen OyEKE-Yhti\u00f6t<\/p>\n <a class=\"more-link\" href=\"https:\/\/espoonperinneseura.net\/yritykset\/teollisuus\/perusteollisuus\/\"><span class=\"more-msg\">Jatka lukemista &rarr;<\/span><\/a>","protected":false},"author":1,"featured_media":0,"parent":326,"menu_order":2,"comment_status":"closed","ping_status":"closed","template":"","meta":{"om_disable_all_campaigns":false,"_monsterinsights_skip_tracking":false,"_monsterinsights_sitenote_active":false,"_monsterinsights_sitenote_note":"","_monsterinsights_sitenote_category":0,"_uf_show_specific_survey":0,"_uf_disable_surveys":false,"footnotes":""},"class_list":["post-210","page","type-page","status-publish","hentry"],"aioseo_notices":[],"featured_image_src":null,"_links":{"self":[{"href":"https:\/\/espoonperinneseura.net\/yritykset\/wp-json\/wp\/v2\/pages\/210","targetHints":{"allow":["GET"]}}],"collection":[{"href":"https:\/\/espoonperinneseura.net\/yritykset\/wp-json\/wp\/v2\/pages"}],"about":[{"href":"https:\/\/espoonperinneseura.net\/yritykset\/wp-json\/wp\/v2\/types\/page"}],"author":[{"embeddable":true,"href":"https:\/\/espoonperinneseura.net\/yritykset\/wp-json\/wp\/v2\/users\/1"}],"replies":[{"embeddable":true,"href":"https:\/\/espoonperinneseura.net\/yritykset\/wp-json\/wp\/v2\/comments?post=210"}],"version-history":[{"count":8,"href":"https:\/\/espoonperinneseura.net\/yritykset\/wp-json\/wp\/v2\/pages\/210\/revisions"}],"predecessor-version":[{"id":333,"href":"https:\/\/espoonperinneseura.net\/yritykset\/wp-json\/wp\/v2\/pages\/210\/revisions\/333"}],"up":[{"embeddable":true,"href":"https:\/\/espoonperinneseura.net\/yritykset\/wp-json\/wp\/v2\/pages\/326"}],"wp:attachment":[{"href":"https:\/\/espoonperinneseura.net\/yritykset\/wp-json\/wp\/v2\/media?parent=210"}],"curies":[{"name":"wp","href":"https:\/\/api.w.org\/{rel}","templated":true}]}}