{"id":253,"date":"2022-09-22T15:44:46","date_gmt":"2022-09-22T12:44:46","guid":{"rendered":"https:\/\/espoonperinneseura.net\/yritykset\/?page_id=253"},"modified":"2023-02-26T06:03:01","modified_gmt":"2023-02-26T04:03:01","slug":"muistoja-tyoelamasta","status":"publish","type":"page","link":"https:\/\/espoonperinneseura.net\/yritykset\/tarinoita-yritysmaailmasta\/muistoja-tyoelamasta\/","title":{"rendered":"Muistoja ty\u00f6el\u00e4m\u00e4st\u00e4"},"content":{"rendered":"<p><a title=\"Aapo Kirvesniemen kes\u00e4ty\u00f6t 1950-luvulla\" href=\"https:\/\/espoonperinneseura.net\/yritykset\/tarinoita-yritysmaailmasta\/muistoja-tyoelamasta\/aapo-kirvesniemen-kesatyot\/\">Aapo Kirvesniemen kes\u00e4ty\u00f6t 1950-luvulla<\/a><\/p>\n","protected":false},"excerpt":{"rendered":"<p>Aapo Kirvesniemen kes\u00e4ty\u00f6t 1950-luvulla<\/p>\n <a class=\"more-link\" href=\"https:\/\/espoonperinneseura.net\/yritykset\/tarinoita-yritysmaailmasta\/muistoja-tyoelamasta\/\"><span class=\"more-msg\">Jatka lukemista &rarr;<\/span><\/a>","protected":false},"author":1,"featured_media":0,"parent":322,"menu_order":2,"comment_status":"closed","ping_status":"closed","template":"","meta":{"om_disable_all_campaigns":false,"_monsterinsights_skip_tracking":false,"_monsterinsights_sitenote_active":false,"_monsterinsights_sitenote_note":"","_monsterinsights_sitenote_category":0,"_uf_show_specific_survey":0,"_uf_disable_surveys":false,"footnotes":""},"class_list":["post-253","page","type-page","status-publish","hentry"],"aioseo_notices":[],"featured_image_src":null,"_links":{"self":[{"href":"https:\/\/espoonperinneseura.net\/yritykset\/wp-json\/wp\/v2\/pages\/253","targetHints":{"allow":["GET"]}}],"collection":[{"href":"https:\/\/espoonperinneseura.net\/yritykset\/wp-json\/wp\/v2\/pages"}],"about":[{"href":"https:\/\/espoonperinneseura.net\/yritykset\/wp-json\/wp\/v2\/types\/page"}],"author":[{"embeddable":true,"href":"https:\/\/espoonperinneseura.net\/yritykset\/wp-json\/wp\/v2\/users\/1"}],"replies":[{"embeddable":true,"href":"https:\/\/espoonperinneseura.net\/yritykset\/wp-json\/wp\/v2\/comments?post=253"}],"version-history":[{"count":2,"href":"https:\/\/espoonperinneseura.net\/yritykset\/wp-json\/wp\/v2\/pages\/253\/revisions"}],"predecessor-version":[{"id":696,"href":"https:\/\/espoonperinneseura.net\/yritykset\/wp-json\/wp\/v2\/pages\/253\/revisions\/696"}],"up":[{"embeddable":true,"href":"https:\/\/espoonperinneseura.net\/yritykset\/wp-json\/wp\/v2\/pages\/322"}],"wp:attachment":[{"href":"https:\/\/espoonperinneseura.net\/yritykset\/wp-json\/wp\/v2\/media?parent=253"}],"curies":[{"name":"wp","href":"https:\/\/api.w.org\/{rel}","templated":true}]}}