{"id":326,"date":"2022-10-08T10:58:17","date_gmt":"2022-10-08T07:58:17","guid":{"rendered":"https:\/\/espoonperinneseura.net\/yritykset\/?page_id=326"},"modified":"2022-10-21T18:18:18","modified_gmt":"2022-10-21T15:18:18","slug":"teollisuus","status":"publish","type":"page","link":"https:\/\/espoonperinneseura.net\/yritykset\/teollisuus\/","title":{"rendered":"Teollisuus"},"content":{"rendered":"\n<p><a href=\"https:\/\/espoonperinneseura.net\/yritykset\/teollisuus\/kadonneita-tehtaita\/\">Kadonneita tehtaita<\/a><\/p>\n\n\n\n<ul class=\"wp-block-list\"><li>Stensvikin tiilitehdas<\/li><li>Kauklahden lasitehdas<\/li><li>WeeGee<\/li><li>Kera<\/li><li>Kometa\/Airam, Palok\u00e4rjen teollisuusalue<\/li><li>AGA -> Linde<\/li><li>Siemens<\/li><\/ul>\n\n\n\n<p><\/p>\n\n\n\n<p><a href=\"https:\/\/espoonperinneseura.net\/yritykset\/teollisuus\/perusteollisuus\/\">Perusteollisuus<\/a><\/p>\n\n\n\n<ul class=\"wp-block-list\"><li>Orion<\/li><li>Fiskars<\/li><li>Fortum<\/li><li>Neste<\/li><li>Kuusakoski<\/li><li>M. Pekkinen Oy<\/li><li>EKE-Yhti\u00f6t<\/li><\/ul>\n\n\n\n<p><\/p>\n\n\n\n<p>Rakennusyhti\u00f6t<\/p>\n\n\n\n<p><a href=\"https:\/\/espoonperinneseura.net\/yritykset\/teollisuus\/tietotekniikka-ja-elektroniikka\/\">Tietotekniikka ja elektroniikka<\/a><\/p>\n\n\n\n<ul class=\"wp-block-list\"><li>Nokia<\/li><li>TietoEVRY<\/li><li>Tekla -&gt; Trimble<\/li><li>Nixu<\/li><li>startup-yritykset<\/li><\/ul>\n","protected":false},"excerpt":{"rendered":"<p>Kadonneita tehtaita Stensvikin tiilitehdas Kauklahden lasitehdas WeeGee Kera Kometa\/Airam, Palok\u00e4rjen teollisuusalue AGA -> Linde Siemens Perusteollisuus Orion Fiskars Fortum Neste Kuusakoski M. Pekkinen Oy EKE-Yhti\u00f6t Rakennusyhti\u00f6t Tietotekniikka ja elektroniikka Nokia TietoEVRY Tekla -&gt; Trimble Nixu startup-yritykset<\/p>\n <a class=\"more-link\" href=\"https:\/\/espoonperinneseura.net\/yritykset\/teollisuus\/\"><span class=\"more-msg\">Jatka lukemista &rarr;<\/span><\/a>","protected":false},"author":1,"featured_media":0,"parent":0,"menu_order":2,"comment_status":"closed","ping_status":"closed","template":"","meta":{"om_disable_all_campaigns":false,"_monsterinsights_skip_tracking":false,"_monsterinsights_sitenote_active":false,"_monsterinsights_sitenote_note":"","_monsterinsights_sitenote_category":0,"_uf_show_specific_survey":0,"_uf_disable_surveys":false,"footnotes":""},"class_list":["post-326","page","type-page","status-publish","hentry"],"aioseo_notices":[],"featured_image_src":null,"_links":{"self":[{"href":"https:\/\/espoonperinneseura.net\/yritykset\/wp-json\/wp\/v2\/pages\/326","targetHints":{"allow":["GET"]}}],"collection":[{"href":"https:\/\/espoonperinneseura.net\/yritykset\/wp-json\/wp\/v2\/pages"}],"about":[{"href":"https:\/\/espoonperinneseura.net\/yritykset\/wp-json\/wp\/v2\/types\/page"}],"author":[{"embeddable":true,"href":"https:\/\/espoonperinneseura.net\/yritykset\/wp-json\/wp\/v2\/users\/1"}],"replies":[{"embeddable":true,"href":"https:\/\/espoonperinneseura.net\/yritykset\/wp-json\/wp\/v2\/comments?post=326"}],"version-history":[{"count":4,"href":"https:\/\/espoonperinneseura.net\/yritykset\/wp-json\/wp\/v2\/pages\/326\/revisions"}],"predecessor-version":[{"id":520,"href":"https:\/\/espoonperinneseura.net\/yritykset\/wp-json\/wp\/v2\/pages\/326\/revisions\/520"}],"wp:attachment":[{"href":"https:\/\/espoonperinneseura.net\/yritykset\/wp-json\/wp\/v2\/media?parent=326"}],"curies":[{"name":"wp","href":"https:\/\/api.w.org\/{rel}","templated":true}]}}