{"id":54,"date":"2022-09-08T15:53:02","date_gmt":"2022-09-08T12:53:02","guid":{"rendered":"https:\/\/espoonperinneseura.net\/yritykset\/?page_id=54"},"modified":"2024-01-31T13:47:37","modified_gmt":"2024-01-31T11:47:37","slug":"etusivu-3","status":"publish","type":"page","link":"https:\/\/espoonperinneseura.net\/yritykset\/","title":{"rendered":"Etusivu"},"content":{"rendered":"\r\n<h2 class=\"wp-block-heading\">Yritt\u00e4v\u00e4 Espoo &#8211; Tarinoita espoolaisista yrityksist\u00e4<\/h2>\r\n\r\n<p>&nbsp;<\/p>\r\n\r\n<p>Espoo-tarinan mukaan yritysmy\u00f6nteinen Espoo on hyv\u00e4 paikka el\u00e4\u00e4, uudistua, yritt\u00e4\u00e4 ja tehd\u00e4 ty\u00f6t\u00e4. Kaupunkia kehitet\u00e4\u00e4n yritt\u00e4jyyden ja yritystoiminnan toimintaymp\u00e4rist\u00f6n\u00e4 yhdess\u00e4 yritt\u00e4jien kanssa.<\/p>\r\n\r\n<div class=\"wp-block-media-text is-stacked-on-mobile\" style=\"grid-template-columns: auto; margin-left: 2%; max-width: 32%!important; min-width: 270px; float: left;\">\r\n<div style=\"width: 40%;\">\r\n<figure class=\"wp-block-media-text__media\" style=\"align-self: auto;\"><img loading=\"lazy\" decoding=\"async\" class=\"wp-image-381 size-full\" style=\"align-self: auto; margin-top: 0px;\" src=\"https:\/\/espoonperinneseura.net\/yritykset\/wp-content\/uploads\/2022\/10\/Jukka-Makela-1.jpg\" sizes=\"auto, (max-width: 300px) 100vw, 300px\" srcset=\"https:\/\/espoonperinneseura.net\/yritykset\/wp-content\/uploads\/2022\/10\/Jukka-Makela-1.jpg 300w, https:\/\/espoonperinneseura.net\/yritykset\/wp-content\/uploads\/2022\/10\/Jukka-Makela-1-150x150.jpg 150w\" alt=\"\" width=\"300\" height=\"300\" \/><\/figure>\r\n<\/div>\r\n<div style=\"align-self: auto;\">\r\n<h4><strong>Kaupunginjohtajan tervehdys<\/strong><\/h4>\r\n<\/div>\r\n<p style=\"clear: both; width: 100%;\">Espoo on tarina innovaatioista ja kasvusta. Espoolaisten yritt\u00e4jien mukaan t\u00e4\u00e4lt\u00e4 l\u00f6ytyy menestymisen ev\u00e4\u00e4t: osaavia ihmisi\u00e4, verkostoja ja yhteyksi\u00e4, oikeanlaista asennetta ja n\u00e4kemyst\u00e4. T\u00e4rkein tae menestymiselle on kuitenkin yhdess\u00e4 tekeminen. Paras voimavaramme ovatkin asukkaat, yhteis\u00f6t ja yritykset.<\/p>\r\n<p>Jaa muistosi ja tarinasi espoolaisyrityksist\u00e4 ennen ja nyt. Tehd\u00e4\u00e4n yhdess\u00e4 Espoo-tarina!<\/p>\r\n<\/div>\r\n<div class=\"wp-block-media-text is-stacked-on-mobile\" style=\"grid-template-columns: auto; margin-left: 2%; max-width: 32%!important; min-width: 270px; float: left;\">\r\n<div style=\"width: 80%;\">\r\n<figure class=\"wp-block-media-text__media\" style=\"align-self: auto;\"><img loading=\"lazy\" decoding=\"async\" class=\"alignnone size-large wp-image-854\" style=\"align-self: auto; padding: 22.5px 0; margin-top: 0px; width: 600px; height: auto;\" src=\"https:\/\/espoonperinneseura.net\/yritykset\/wp-content\/uploads\/2023\/03\/Yrittava-Espoo-logo-1024x341.jpg\" alt=\"\" width=\"1024\" height=\"341\" srcset=\"https:\/\/espoonperinneseura.net\/yritykset\/wp-content\/uploads\/2023\/03\/Yrittava-Espoo-logo-1024x341.jpg 1024w, https:\/\/espoonperinneseura.net\/yritykset\/wp-content\/uploads\/2023\/03\/Yrittava-Espoo-logo-300x100.jpg 300w, https:\/\/espoonperinneseura.net\/yritykset\/wp-content\/uploads\/2023\/03\/Yrittava-Espoo-logo-768x256.jpg 768w, https:\/\/espoonperinneseura.net\/yritykset\/wp-content\/uploads\/2023\/03\/Yrittava-Espoo-logo-1536x512.jpg 1536w, https:\/\/espoonperinneseura.net\/yritykset\/wp-content\/uploads\/2023\/03\/Yrittava-Espoo-logo-2048x683.jpg 2048w\" sizes=\"auto, (max-width: 1024px) 100vw, 1024px\" \/><\/figure>\r\n<\/div>\r\n<div style=\"align-self: auto;\">\r\n<h4>Vuoden 2023 teema:<br \/>Yritt\u00e4v\u00e4 Espoo<\/h4>\r\n<p>Espoon perinneseuran vuoden 2023 teemahankkeena on <em>Yritt\u00e4v\u00e4 Espoo<\/em>. Haluamme koota perinnetietoa Espoossa toimineista ja my\u00f6s yh\u00e4 toimivasta yrityksist\u00e4. Aloitteen t\u00e4h\u00e4n teht\u00e4v\u00e4\u00e4n saimme kaupunginjohtaja Jukka M\u00e4kel\u00e4lt\u00e4.<\/p>\r\n<p>N\u00e4ill\u00e4 sivuilla kerromme, millaista yritystoimintaa Espoossa on ollut vuosien mittaan ja millaisia yrityksi\u00e4 t\u00e4ll\u00e4 hetkell\u00e4 on toiminnassa.<\/p>\r\n<\/div>\r\n<\/div>\r\n<div class=\"wp-block-media-text is-stacked-on-mobile\" style=\"grid-template-columns: auto; margin-left: 2%; max-width: 30%!important; min-width: 250px; float: left;\">\r\n<h4>Uutisia<\/h4>\r\n<ul class=\"wp-block-latest-posts__list has-dates wp-block-latest-posts\"><li><a class=\"wp-block-latest-posts__post-title\" href=\"https:\/\/espoonperinneseura.net\/yritykset\/2023\/06\/yrittava-espoo-sivuston-uutta-sisaltoa\/\">Yritt\u00e4v\u00e4 Espoo -sivuston uutta sis\u00e4lt\u00f6\u00e4<\/a><time datetime=\"2023-06-15T19:58:55+03:00\" class=\"wp-block-latest-posts__post-date\">15.6.2023<\/time><\/li>\n<li><a class=\"wp-block-latest-posts__post-title\" href=\"https:\/\/espoonperinneseura.net\/yritykset\/2023\/05\/lintuvaaran-teollisuusalueen-kuusi-vuosikymmenta\/\">Lintuvaaran teollisuusalueen kuusi vuosikymment\u00e4<\/a><time datetime=\"2023-05-24T12:35:15+03:00\" class=\"wp-block-latest-posts__post-date\">24.5.2023<\/time><\/li>\n<li><a class=\"wp-block-latest-posts__post-title\" href=\"https:\/\/espoonperinneseura.net\/yritykset\/2023\/05\/viherlaakson-ja-keran-yrityksia\/\">Viherlaakson ja Keran yrityksi\u00e4<\/a><time datetime=\"2023-05-19T21:33:48+03:00\" class=\"wp-block-latest-posts__post-date\">19.5.2023<\/time><\/li>\n<li><a class=\"wp-block-latest-posts__post-title\" href=\"https:\/\/espoonperinneseura.net\/yritykset\/2023\/05\/vuoden-pikkuyritys-2023-on-espoolainen-maaginen-varuste\/\">Vuoden pikkuyritys 2023: espoolainen Maaginen varuste<\/a><time datetime=\"2023-05-06T08:37:58+03:00\" class=\"wp-block-latest-posts__post-date\">6.5.2023<\/time><\/li>\n<li><a class=\"wp-block-latest-posts__post-title\" href=\"https:\/\/espoonperinneseura.net\/yritykset\/2023\/04\/espoon-vuoden-yrittajat-2023\/\">Espoon Vuoden yritt\u00e4j\u00e4t 2023<\/a><time datetime=\"2023-04-19T08:30:43+03:00\" class=\"wp-block-latest-posts__post-date\">19.4.2023<\/time><\/li>\n<li><a class=\"wp-block-latest-posts__post-title\" href=\"https:\/\/espoonperinneseura.net\/yritykset\/2022\/10\/vuoden-2023-teema-yrittava-espoo\/\">Vuoden 2023 teema: Yritt\u00e4v\u00e4 Espoo<\/a><time datetime=\"2022-10-05T19:59:44+03:00\" class=\"wp-block-latest-posts__post-date\">5.10.2022<\/time><\/li>\n<\/ul><\/div>\r\n<div id=\"ub-styled-box-098791c7-2650-4cb3-a724-f32cfc22b97d\" class=\"ub-styled-box ub-feature-box\" style=\"display: flex; flex-wrap: wrap; clear: both;\">\r\n<div class=\"ub-feature\" style=\"margin-top: 20px;\"><img decoding=\"async\" class=\"ub-feature-img\" style=\"margin-bottom: 0.5em;\" src=\"https:\/\/espoonperinneseura.net\/yritykset\/wp-content\/uploads\/2022\/09\/Keran-keramiikkatehdas.jpg\" width=\"400\" \/>\r\n<h4 class=\"ub-feature-title\" style=\"margin-top: 0;\">Yritykset Espoossa<\/h4>\r\n<p class=\"p-list\"><a title=\"Ammattitaidosta yritt\u00e4jyyteen\" href=\"https:\/\/espoonperinneseura.net\/yritykset\/yrittajyys\/ammattitaidosta-yrittajyyteen\/\">Ammattitaidosta yritt\u00e4jyyteen<\/a><\/p>\r\n<p class=\"p-list\"><a title=\"Yritys ja yritt\u00e4jyys\" href=\"https:\/\/espoonperinneseura.net\/yritykset\/yritykset-espoossa\/yritys-ja-yrittajyys\/\">Yritys ja yritt\u00e4jyys<\/a><\/p>\r\n<p class=\"p-sub\">Espoolaisyrityksi\u00e4 alueittain<\/p>\r\n<ul style=\"margin-bottom: 0.5em;\">\r\n<li class=\"p-list p-sub\"><a href=\"https:\/\/espoonperinneseura.net\/wp-content\/uploads\/2016\/04\/Lepp%C3%A4vaaran-yritysel%C3%A4m%C3%A4n-juurilla-24042016.pdf\" target=\"_blank\" rel=\"noopener\">Lepp\u00e4vaaran yritysel\u00e4m\u00e4n juurilla<\/a><\/li>\r\n<li class=\"p-list p-sub\"><a title=\"Lintuvaaran teollisuusalueen kuusi vuosikymment\u00e4\" href=\"https:\/\/espoonperinneseura.net\/yritykset\/teollisuus\/kadonneita-tehtaita\/lintuvaaran-teollisuusalue\/\">Lintuvaaran teollisuusalue<\/a><\/li>\r\n<li class=\"p-list p-sub\"><a title=\"Kannelsalo Ky \u2013 Viherlaakson vanhin liikeyritys\" href=\"https:\/\/espoonperinneseura.net\/yritykset\/teollisuus\/kannelsalo-ky-viherlaakson-vanhin-liikeyritys\/\">Viherlaakso: Kannelsalo Ky<\/a><\/li>\r\n<li class=\"p-list p-sub\"><a title=\"Ly\u00f6m\u00e4t\u00f6n Soidinsalo\" href=\"https:\/\/espoonperinneseura.net\/yritykset\/yrittajyys\/lyomaton-soidinsalo\/\">Viherlaakso: K. Soidinsalo Oy<\/a><\/li>\r\n<li><a title=\"Wikbergin korjaamo Viherlaaksossa\" href=\"https:\/\/espoonperinneseura.net\/yritykset\/yrittajyys\/wikbergin-korjaamo-viherlaaksossa\/\">Viherlaakso: Wikbergin korjaamo<\/a><\/li>\r\n<\/ul>\r\n<p class=\"p-list\"><a title=\"Yritt\u00e4jyyskoulutus Suomessa\" href=\"https:\/\/espoonperinneseura.net\/yritykset\/yritykset-espoossa\/yrittajyyskoulutus-suomessa\/\">Yritt\u00e4jyyskoulutus Suomessa<\/a><\/p>\r\n<p class=\"p-list\"><a title=\"Business Espoo tukee yritt\u00e4ji\u00e4\" href=\"https:\/\/espoonperinneseura.net\/yritykset\/yrittajyys\/business-espoo-tukee-yrittajia\/\">Business Espoo -verkosto<\/a><\/p>\r\n<p class=\"p-list\"><a title=\"Mainio ohjelma alakoulujen yritt\u00e4jyyskasvatukseen: Pikkuyritt\u00e4j\u00e4t\" href=\"https:\/\/espoonperinneseura.net\/yritykset\/yrittajyys\/pikkuyrittajat\/\">Yritt\u00e4jyyskasvatusohjelma Pikkuyritt\u00e4j\u00e4t<\/a><\/p>\r\n<p class=\"p-list\"><a title=\"Tutkimus- ja kehitystoimintaa Otaniemess\u00e4\" href=\"https:\/\/espoonperinneseura.net\/yritykset\/yrittajyys\/tutkimustoimintaa-otaniemessa\/\">Tutkimus- ja kehitystoimintaa Otaniemess\u00e4<\/a><\/p>\r\n<p class=\"p-list\"><a title=\"Espoolaiset p\u00f6rssiyhti\u00f6t\" href=\"https:\/\/espoonperinneseura.net\/yritykset\/yrittajyys\/espoolaiset-porssiyhtiot\/\">Espoolaiset p\u00f6rssiyhti\u00f6t<\/a><\/p>\r\n<p class=\"p-list p-small\">Espoolaisyritykset eri vuosikymmenill\u00e4<\/p>\r\n<p class=\"p-list p-small p-sub\">Yritystoiminnan tulevaisuus Espoossa<\/p>\r\n<ul style=\"margin-bottom: 0.5em;\">\r\n<li class=\"p-list p-small\">Kiviruukin Cleantech Garden<\/li>\r\n<\/ul>\r\n<\/div>\r\n<div class=\"ub-feature\" style=\"margin-top: 20px;\"><img decoding=\"async\" class=\"ub-feature-img\" style=\"margin-bottom: 0.5em;\" src=\"https:\/\/espoonperinneseura.net\/yritykset\/wp-content\/uploads\/2022\/09\/Nokia-Campus.jpg\" width=\"400\" \/>\r\n<h4 class=\"ub-feature-title\" style=\"margin-top: 0;\">Teollisuus<\/h4>\r\n<p class=\"p-sub\"><a title=\"Kadonneita tehtaita\" href=\"https:\/\/espoonperinneseura.net\/yritykset\/teollisuus\/kadonneita-tehtaita\/\">Kadonneita tehtaita<\/a><\/p>\r\n<ul style=\"margin-bottom: 0.5em;\">\r\n<li class=\"p-list p-sub\"><a title=\"Lintuvaaran teollisuusalueen kuusi vuosikymment\u00e4\" href=\"https:\/\/espoonperinneseura.net\/yritykset\/teollisuus\/kadonneita-tehtaita\/lintuvaaran-teollisuusalue\/\">Lintuvaaran teollisuusalue<\/a><\/li>\r\n<li class=\"p-list p-sub\"><a title=\"Kera Oy\" href=\"https:\/\/espoonperinneseura.net\/yritykset\/yrittajyys\/kera-oy\/\">Kera Oy<\/a><\/li>\r\n<li class=\"p-list p-sub\"><a title=\"Oy Weilin+G\u00f6\u00f6s Ab \u2013 kirjapaino ja kirjankustantamo\" href=\"https:\/\/espoonperinneseura.net\/yritykset\/yrittajyys\/oy-weilingoos-ab-kirjapaino-ja-kirjankustantamo\/\">Oy Weilin+G\u00f6\u00f6s Ab<\/a><\/li>\r\n<\/ul>\r\n<p class=\"p-sub\">Perusteollisuus<\/p>\r\n<ul>\r\n<li class=\"p-list\" style=\"margin-bottom: 0.5em;\"><a title=\"Orion Oyj, Suomen suurin l\u00e4\u00e4keyhti\u00f6\" href=\"https:\/\/espoonperinneseura.net\/yritykset\/teollisuus\/perusteollisuus\/orion-oyj-suomen-suurin-laakeyhtio\/\">Orion Oyj, Suomen suurin l\u00e4\u00e4keyhti\u00f6<\/a><\/li>\r\n<\/ul>\r\n<p class=\"p-sub\">Tietotekniikka ja elektroniikka<\/p>\r\n<ul>\r\n<li class=\"p-list p-sub\"><a title=\"Tietokoneala Espoossa ja Suomessa 1900-luvulla\" href=\"https:\/\/espoonperinneseura.net\/yritykset\/teollisuus\/tietotekniikka-ja-elektroniikka\/tietokoneala-espoossa-ja-suomessa-1900-luvulla\/\">Tietokoneala Espoossa ja Suomessa 1900-luvulla<\/a><\/li>\r\n<li class=\"p-list p-sub\"><a title=\"Digital Suomessa \u2013 edell\u00e4k\u00e4vijyytt\u00e4 monella saralla\" href=\"https:\/\/espoonperinneseura.net\/yritykset\/digital-suomessa\/\">Digital Suomessa \u2013 edell\u00e4k\u00e4vijyytt\u00e4 monella saralla<\/a><\/li>\r\n<\/ul>\r\n<p class=\"ub-feature-body p-small\" style=\"margin-bottom: 0.5em;\">Rakennusyhti\u00f6t<\/p>\r\n<\/div>\r\n<div class=\"ub-feature\" style=\"margin-top: 20px;\"><img decoding=\"async\" class=\"ub-feature-img\" style=\"margin-bottom: 0.5em;\" src=\"https:\/\/espoonperinneseura.net\/yritykset\/wp-content\/uploads\/2022\/09\/Maxi-Market-e1665235086809.jpg\" width=\"400\" \/>\r\n<h4 class=\"ub-feature-title\" style=\"margin-top: 0;\">Kauppa ja palvelut<\/h4>\r\n<p class=\"p-list\" style=\"margin-bottom: 0.5em;\"><a title=\"Kauppa- ja ostoskeskukset\" href=\"https:\/\/espoonperinneseura.net\/yritykset\/kauppa-ja-palvelut\/kauppa-ja-ostoskeskukset\/\">Kauppa- ja ostoskeskukset<\/a><\/p>\r\n<p class=\"p-list\" style=\"margin-bottom: 0.5em;\"><a title=\"Suomen toinen kauppakeskus: Tapiolan Heikintori\" href=\"https:\/\/espoonperinneseura.net\/yritykset\/kauppa-ja-palvelut\/suomen-toinen-kauppakeskus-tapiolan-heikintori\/\">Tapiolan Heikintori<\/a><\/p>\r\n<p class=\"p-list p-sub\">Elintarvike-, ravintola- ja matkailuala<\/p>\r\n<ul>\r\n<li><a title=\"Bemb\u00f6len Kahvitupa\" href=\"https:\/\/espoonperinneseura.net\/yritykset\/kauppa-ja-palvelut\/bembolen-kahvitupa\/\">Bemb\u00f6len Kahvitupa<\/a><\/li>\r\n<li><a title=\"Yksi Espoon vanhimmista ravintoloista: Grilli Toro\" href=\"https:\/\/espoonperinneseura.net\/yritykset\/kauppa-ja-palvelut\/grilli-toro\/\">Ravintola Grilli Toro<\/a><\/li>\r\n<li class=\"p-list\"><a title=\"Hotelli Korpilampi\" href=\"https:\/\/espoonperinneseura.net\/yritykset\/kauppa-ja-palvelut\/hotelli-korpilampi\/\">Hotelli Korpilampi<\/a><\/li>\r\n<\/ul>\r\n<p class=\"p-list\" style=\"margin-bottom: 0.5em;\"><a title=\"Espoolaisia bussiyritt\u00e4ji\u00e4 1920-luvulta 2000-luvulle\" href=\"https:\/\/espoonperinneseura.net\/yritykset\/kauppa-ja-palvelut\/espoolaisia-bussiyrittajia-1920-luvulta-2000-luvulle\/\">Espoolaisia bussiyritt\u00e4ji\u00e4 1920-luvulta 2000-luvulle<\/a><\/p>\r\n<p class=\"p-list p-small\" style=\"margin-bottom: 0.5em;\">Kauppaketjut<\/p>\r\n<p class=\"p-list p-small\" style=\"margin-bottom: 0.5em;\">Kiinteist\u00f6ala<\/p>\r\n<p class=\"p-list p-small\" style=\"margin-bottom: 0.5em;\">Kuljetuspalvelut<\/p>\r\n<p class=\"p-list p-small\" style=\"margin-bottom: 0.5em;\">Linja-autot<\/p>\r\n<p class=\"p-list p-small\" style=\"margin-bottom: 0.5em;\">Autoliikkeet<\/p>\r\n<p class=\"p-list p-small\" style=\"margin-bottom: 0.5em;\">Muut toimialat<\/p>\r\n<\/div>\r\n<div class=\"ub-feature\" style=\"display: none; margin-top: 20px;\">\r\n<h4 class=\"ub-feature-title\" style=\"margin-top: 0;\">Sosiaali- ja terveysala<\/h4>\r\n<p class=\"p-small\" style=\"margin-bottom: 0.5em;\">Yksityiset l\u00e4\u00e4k\u00e4riasemat<\/p>\r\n<p class=\"p-small\" style=\"margin-bottom: 0.5em;\">Yksityiset p\u00e4iv\u00e4kodit<\/p>\r\n<p class=\"p-small\" style=\"margin-bottom: 0.5em;\">Yksityiset vanhusten palvelut<\/p>\r\n<\/div>\r\n<div class=\"ub-feature\" style=\"display: none; margin-top: 20px;\"><img loading=\"lazy\" decoding=\"async\" class=\"alignnone wp-image-563 size-full\" style=\"display: none; margin-bottom: 0.5em;\" src=\"https:\/\/espoonperinneseura.net\/yritykset\/wp-content\/uploads\/2023\/01\/Espoon-auto-scaled-e1673004815702.jpg\" alt=\"\" width=\"400\" height=\"278\" srcset=\"https:\/\/espoonperinneseura.net\/yritykset\/wp-content\/uploads\/2023\/01\/Espoon-auto-scaled-e1673004815702.jpg 800w, https:\/\/espoonperinneseura.net\/yritykset\/wp-content\/uploads\/2023\/01\/Espoon-auto-scaled-e1673004815702-300x209.jpg 300w, https:\/\/espoonperinneseura.net\/yritykset\/wp-content\/uploads\/2023\/01\/Espoon-auto-scaled-e1673004815702-768x534.jpg 768w\" sizes=\"auto, (max-width: 400px) 100vw, 400px\" \/>\r\n<h4 class=\"ub-feature-title\" style=\"margin-top: 0;\">Liikenne<\/h4>\r\n<p class=\"p-list p-small\" style=\"margin-bottom: 0.5em;\">Taksiyritykset<\/p>\r\n<p class=\"p-list p-small\" style=\"margin-bottom: 0.5em;\">Kuljetuspalvelut<\/p>\r\n<p class=\"p-list p-small\" style=\"margin-bottom: 0.5em;\">Taksiveneet<\/p>\r\n<p class=\"p-list p-small\" style=\"margin-bottom: 0.5em;\">Autoliikkeet<\/p>\r\n<p class=\"p-list p-small\" style=\"margin-bottom: 0.5em;\">Huoltoasemat ja autokorjaamot<\/p>\r\n<p class=\"p-list p-small\" style=\"margin-bottom: 0.5em;\">Katsastuspalvelut<\/p>\r\n<\/div>\r\n<div class=\"ub-feature\" style=\"margin-top: 20px;\"><img decoding=\"async\" class=\"ub-feature-img\" style=\"margin-bottom: 0.5em;\" src=\"https:\/\/espoonperinneseura.net\/yritykset\/wp-content\/uploads\/2022\/10\/800px-Otaniemen_vesitorni_2013a.jpg\" width=\"400\" \/>\r\n<h4 class=\"ub-feature-title\" style=\"margin-top: 0;\">Julkiset yhti\u00f6t<\/h4>\r\n<p class=\"ub-feature-body p-list\" style=\"margin-bottom: 0.5em;\"><a title=\"Espoon S\u00e4hk\u00f6\" href=\"https:\/\/espoonperinneseura.net\/yritykset\/julkiset-yhtiot\/espoon-sahko\/\">Espoon S\u00e4hk\u00f6 Oy<\/a><\/p>\r\n<p class=\"ub-feature-body p-list\" style=\"margin-bottom: 0.5em;\"><a title=\"Espoon Vesi\" href=\"https:\/\/espoonperinneseura.net\/yritykset\/julkiset-yhtiot\/espoon-vesi\/\">Espoon Vesi Oy<\/a><\/p>\r\n<p class=\"ub-feature-body p-list p-small\" style=\"margin-bottom: 0.5em;\">Espoon Auto Oy<\/p>\r\n<p class=\"ub-feature-body p-list p-small\" style=\"margin-bottom: 0.5em;\">Espoon Asunnot Oy<\/p>\r\n<p class=\"ub-feature-body p-list p-small\" style=\"margin-bottom: 0.5em;\">L\u00e4nsimetro Oy<\/p>\r\n<\/div>\r\n<div class=\"ub-feature\" style=\"margin-top: 20px;\"><img decoding=\"async\" class=\"ub-feature-img\" style=\"margin-bottom: 0.5em;\" src=\"https:\/\/espoonperinneseura.net\/yritykset\/wp-content\/uploads\/2023\/04\/Entresse2-2-1024x705.jpg\" width=\"400\" \/>\r\n<h4 class=\"ub-feature-title\" style=\"margin-top: 0;\">Muita yrityksi\u00e4<\/h4>\r\n<p class=\"ub-feature-body p-list\" style=\"margin-bottom: 0.5em;\"><a title=\"Espoon musiikki kaikilla mausteilla\" href=\"https:\/\/espoonperinneseura.net\/yritykset\/muita-yrityksia\/espoon-musiikki\/\">Espoon musiikki kaikilla mausteilla<\/a><\/p>\r\n<p class=\"ub-feature-body p-list\" style=\"margin-bottom: 0.5em;\"><a title=\"Taide on hyv\u00e4ksi mielelle\" href=\"https:\/\/espoonperinneseura.net\/yritykset\/taide-on-hyvaksi-mielelle\/\">Taide on hyv\u00e4ksi mielelle<\/a><\/p>\r\n<p class=\"ub-feature-body p-list\" style=\"margin-bottom: 0.5em;\"><a title=\"Teatteri Hevosenkenk\u00e4 1975 \u2013 2023\" href=\"https:\/\/espoonperinneseura.net\/yritykset\/muita-yrityksia\/teatteri-hevosenkenka-1975-2023\/\">Teatteri Hevosenkenk\u00e4 1975 &#8211; 2023<\/a><\/p>\r\n<p class=\"ub-feature-body p-list\" style=\"margin-bottom: 0.5em;\"><a title=\"Yritystoimintaa Vermon raviradalla\" href=\"https:\/\/espoonperinneseura.net\/yritykset\/vermon-ravirata\/\">Yritystoimintaa Vermon raviradalla<\/a><\/p>\r\n<p class=\"ub-feature-body p-list\" style=\"margin-bottom: 0.5em;\"><a href=\"https:\/\/espoonperinneseura.net\/yritykset\/muita-yrityksia\/traskandan-kauppapuutarhan-kukkaloistoa\/\">Tr\u00e4sk\u00e4ndan Kauppapuutarhan kukkaloistoa<\/a><\/p>\r\n<p class=\"ub-feature-body p-list p-small\" style=\"margin-bottom: 0.5em;\">Viestint\u00e4<\/p>\r\n<p class=\"p-small\" style=\"margin-bottom: 0.5em;\">Yksityiset l\u00e4\u00e4k\u00e4riasemat<\/p>\r\n<p class=\"p-small\" style=\"margin-bottom: 0.5em;\">Yksityiset p\u00e4iv\u00e4kodit<\/p>\r\n<p class=\"p-small\" style=\"margin-bottom: 0.5em;\">Yksityiset vanhusten palvelut<\/p>\r\n<p class=\"ub-feature-body p-list p-small\" style=\"margin-bottom: 0.5em;\">Yrityksi\u00e4 eri toimialoilta<\/p>\r\n<p class=\"ub-feature-body p-list p-small\" style=\"margin-bottom: 0.5em;\">Pienyritykset ja yksinyritt\u00e4j\u00e4t<\/p>\r\n<\/div>\r\n<div class=\"ub-feature\" style=\"margin-top: 20px;\">\r\n<h4 class=\"ub-feature-title\" style=\"margin-top: 0;\"><img decoding=\"async\" class=\"ub-feature-img\" style=\"margin-bottom: 0.5em;\" src=\"https:\/\/espoonperinneseura.net\/yritykset\/wp-content\/uploads\/2023\/04\/Dreamstudio_inventions-of-Finnish-companies.png\" width=\"400\" \/>Tarinoita yritysmaailmasta<\/h4>\r\n<p class=\"p-list\" style=\"margin-bottom: 0.5em;\"><a title=\"Kohti yritt\u00e4jyyden ja yritt\u00e4misen k\u00e4sitteit\u00e4\" href=\"https:\/\/espoonperinneseura.net\/yritykset\/tarinoita-yritysmaailmasta\/kohti-yrittajyyden-ja-yrittamisen-kasitteita\/\">Kohti yritt\u00e4jyyden ja yritt\u00e4misen k\u00e4sitteit\u00e4<\/a><\/p>\r\n<p class=\"p-list\" style=\"margin-bottom: 0.5em;\"><a title=\"Espoon Vuoden yritt\u00e4j\u00e4t 2023\" href=\"https:\/\/espoonperinneseura.net\/yritykset\/tarinoita-yritysmaailmasta\/espoon-vuoden-yrittajat-2023\/\">Espoon Vuoden yritt\u00e4j\u00e4t 2023<\/a><\/p>\r\n<p class=\"p-list\" style=\"margin-bottom: 0.5em;\"><a title=\"Espoon Vuoden yritt\u00e4j\u00e4 2022\" href=\"https:\/\/espoonperinneseura.net\/yritykset\/tarinoita-yritysmaailmasta\/espoon-vuoden-yrittaja-2022\/\">Espoon Vuoden yritt\u00e4j\u00e4 2022<\/a><\/p>\r\n<p class=\"p-list\" style=\"margin-bottom: 0.5em;\"><a title=\"Aapo Kirvesniemi: Kauppoja ja yritt\u00e4ji\u00e4 lapsuuteni kotikulmilla\" href=\"https:\/\/espoonperinneseura.net\/yritykset\/tarinoita-yritysmaailmasta\/kauppoja-ja-yrittajia-kotikulmillani\/\">Aapo Kirvesniemi: Kauppoja ja yritt\u00e4ji\u00e4 lapsuuteni kotikulmilla<\/a><\/p>\r\n<p class=\"p-list\" style=\"margin-bottom: 0.5em;\"><a title=\"Aapo Kirvesniemen kes\u00e4ty\u00f6t 1950-luvulla\" href=\"https:\/\/espoonperinneseura.net\/yritykset\/tarinoita-yritysmaailmasta\/muistoja-tyoelamasta\/aapo-kirvesniemen-kesatyot\/\">Aapo Kirvesniemen kes\u00e4ty\u00f6t 1950-luvulla<\/a><\/p>\r\n<p><a title=\"Yritt\u00e4jyys perint\u00f6n\u00e4\" href=\"https:\/\/espoonperinneseura.net\/yritykset\/tarinoita-yritysmaailmasta\/yrittajyys-perintona\/\">Yritt\u00e4jyys perint\u00f6n\u00e4<\/a><\/p>\r\n<p class=\"p-list p-small\" style=\"margin-bottom: 0.5em;\">Yritt\u00e4jien kokemuksia<\/p>\r\n<p class=\"p-list p-small\" style=\"margin-bottom: 0.5em;\">Espoon Villi L\u00e4nsi: Espoon rakentaminen<\/p>\r\n<p class=\"p-list p-small\" style=\"margin-bottom: 0.5em;\">Merkitt\u00e4vi\u00e4 yritt\u00e4j\u00e4hahmoja eilen ja t\u00e4n\u00e4\u00e4n<\/p>\r\n<\/div>\r\n<\/div>\r\n\r\n<p style=\"display: none;\"><img decoding=\"async\" style=\"background-color: transparent; position: absolute; left: 1%; top: -2.5vh; max-width: 75%; z-index: 1; opacity: 0.5;\" src=\"https:\/\/espoonperinneseura.net\/yritykset\/wp-content\/uploads\/2022\/09\/Tyon-alla.gif\" alt=\"\" \/><\/p>\r\n\r\n<p style=\"margin: 1em 0px 0 8px; font-size: 85%; font-family: Arial, Helvetica, sans-serif;\">Onko sinulla sis\u00e4lt\u00f6\u00e4, jonka voisi julkaista Yritt\u00e4v\u00e4 Espoo -sivustolla? Ota yhteytt\u00e4 Martti Hellstr\u00f6miin, <a href=\"mailto:marttifi@gmail.com\">marttifi@gmail.com<\/a>, tai Esko Uotilaan, <a href=\"mailto:euotila@gmail.com\">euotila@gmail.com<\/a>.<\/p>","protected":false},"excerpt":{"rendered":"<p>Yritt\u00e4v\u00e4 Espoo &#8211; Tarinoita espoolaisista yrityksist\u00e4 &nbsp; Espoo-tarinan mukaan yritysmy\u00f6nteinen Espoo on hyv\u00e4 paikka el\u00e4\u00e4, uudistua, yritt\u00e4\u00e4 ja tehd\u00e4 ty\u00f6t\u00e4. Kaupunkia kehitet\u00e4\u00e4n yritt\u00e4jyyden ja yritystoiminnan toimintaymp\u00e4rist\u00f6n\u00e4 yhdess\u00e4 yritt\u00e4jien kanssa. Kaupunginjohtajan tervehdys Espoo on tarina innovaatioista ja kasvusta. Espoolaisten yritt\u00e4jien mukaan <span class=\"excerpt-dots\">&hellip;<\/span> <a class=\"more-link\" href=\"https:\/\/espoonperinneseura.net\/yritykset\/\"><span class=\"more-msg\">Jatka lukemista &rarr;<\/span><\/a><\/p>\n","protected":false},"author":1,"featured_media":0,"parent":0,"menu_order":0,"comment_status":"closed","ping_status":"closed","template":"","meta":{"om_disable_all_campaigns":false,"_monsterinsights_skip_tracking":false,"_monsterinsights_sitenote_active":false,"_monsterinsights_sitenote_note":"","_monsterinsights_sitenote_category":0,"_uf_show_specific_survey":0,"_uf_disable_surveys":false,"footnotes":""},"class_list":["post-54","page","type-page","status-publish","hentry"],"aioseo_notices":[],"featured_image_src":null,"_links":{"self":[{"href":"https:\/\/espoonperinneseura.net\/yritykset\/wp-json\/wp\/v2\/pages\/54","targetHints":{"allow":["GET"]}}],"collection":[{"href":"https:\/\/espoonperinneseura.net\/yritykset\/wp-json\/wp\/v2\/pages"}],"about":[{"href":"https:\/\/espoonperinneseura.net\/yritykset\/wp-json\/wp\/v2\/types\/page"}],"author":[{"embeddable":true,"href":"https:\/\/espoonperinneseura.net\/yritykset\/wp-json\/wp\/v2\/users\/1"}],"replies":[{"embeddable":true,"href":"https:\/\/espoonperinneseura.net\/yritykset\/wp-json\/wp\/v2\/comments?post=54"}],"version-history":[{"count":325,"href":"https:\/\/espoonperinneseura.net\/yritykset\/wp-json\/wp\/v2\/pages\/54\/revisions"}],"predecessor-version":[{"id":1781,"href":"https:\/\/espoonperinneseura.net\/yritykset\/wp-json\/wp\/v2\/pages\/54\/revisions\/1781"}],"wp:attachment":[{"href":"https:\/\/espoonperinneseura.net\/yritykset\/wp-json\/wp\/v2\/media?parent=54"}],"curies":[{"name":"wp","href":"https:\/\/api.w.org\/{rel}","templated":true}]}}