{"id":573,"date":"2023-01-15T08:33:41","date_gmt":"2023-01-15T06:33:41","guid":{"rendered":"https:\/\/espoonperinneseura.net\/yritykset\/?page_id=573"},"modified":"2023-03-26T08:52:50","modified_gmt":"2023-03-26T05:52:50","slug":"bembolen-kahvitupa","status":"publish","type":"page","link":"https:\/\/espoonperinneseura.net\/yritykset\/kauppa-ja-palvelut\/bembolen-kahvitupa\/","title":{"rendered":"Bemb\u00f6len Kahvitupa"},"content":{"rendered":"<p><em>Esko Uotila<\/em><\/p>\n<div class=\"wp-caption\" style=\"width: 100%; max-width: 750px;\">\n<p><img loading=\"lazy\" decoding=\"async\" class=\"wp-image-576 size-full\" style=\"width: 100%; max-width: 750px;\" src=\"https:\/\/espoonperinneseura.net\/yritykset\/wp-content\/uploads\/2023\/01\/Kahvitupa.jpg\" alt=\"\" width=\"1024\" height=\"683\" srcset=\"https:\/\/espoonperinneseura.net\/yritykset\/wp-content\/uploads\/2023\/01\/Kahvitupa.jpg 1024w, https:\/\/espoonperinneseura.net\/yritykset\/wp-content\/uploads\/2023\/01\/Kahvitupa-300x200.jpg 300w, https:\/\/espoonperinneseura.net\/yritykset\/wp-content\/uploads\/2023\/01\/Kahvitupa-768x512.jpg 768w\" sizes=\"auto, (max-width: 1024px) 100vw, 1024px\" \/><\/p>\n<p class=\"wp-caption-text\">Bemb\u00f6len Kahvitupa. Kuva: <a href=\"https:\/\/fi.wikipedia.org\/wiki\/Tiedosto:Bemb%C3%B6le_Kahvitupa_portaali_Espoo_061120.jpg\" target=\"_blank\" rel=\"noopener\">Wikipedia<\/a>.<\/p>\n<\/div>\n<p>Bemb\u00f6len Kahvitupa toimii Bellin maatilan vanhassa p\u00e4\u00e4rakennuksessa. Suuri tupa ja kamari sek\u00e4 eteinen on rakennettu ilmeisesti vuonna 1737. Saliosa on rakennettu luultavasti 1800-luvun alussa. Tuvan komeat kattoparrut ja taitteinen sis\u00e4katto ovat s\u00e4ilyneet, vaikka sis\u00e4tiloissa on tehty kahvilatoiminnan vaatimia muutoksia. Hyvin s\u00e4ilyneeseen kokonaisuuteen kuuluu kaksikerroksinen luhtiaitta.<\/p>\n<p>Bellin tuvassa toimi 1760-luvulla kestikievari. Paikka oli erinomainen, sill\u00e4 talon kohdalla haarautui Kuninkaantiest\u00e4 sen Helsinkiin johtava haara. Kievarivelvollisuus kiersi Bemb\u00f6len kyl\u00e4n sis\u00e4ll\u00e4 talosta taloon: 1700-luvulla kievari ehti toimia vuorotellen Glimsin, Bellin, Ersin ja Siisin taloissa.<\/p>\n<p>Vuosina 1917-38 Bell palveli ajoittain muonamiehen asuntona, suutarin ty\u00f6pajana, kouluna ja monessa muussa tarkoituksessa. Talvisodan aikana rakennukseen oli sijoitettu k\u00e4til\u00f6opiston synnytysosasto.<\/p>\n<p>Kahvilatoiminta alkoi tuvassa vuonna 1939. Bemb\u00f6len Kahvituvan nykyiset omistajat, sisarukset Rita Kanervo ja Kaj-Olavi Al\u00e9n ovat olleet kahvilayritt\u00e4jin\u00e4 vuodesta 1969. Vuodesta 1954 kahvitupaa olivat pit\u00e4neet heid\u00e4n vanhempansa.<\/p>\n<div class=\"wp-caption\" style=\"width: 100%; max-width: 750px; margin-bottom: 12px;\">\n<p><img loading=\"lazy\" decoding=\"async\" class=\"wp-image-584 size-full\" style=\"width: 100%; max-width: 750px;\" src=\"https:\/\/espoonperinneseura.net\/yritykset\/wp-content\/uploads\/2023\/01\/Kahvitupa-1950-luvulla.jpg\" alt=\"\" width=\"800\" height=\"487\" srcset=\"https:\/\/espoonperinneseura.net\/yritykset\/wp-content\/uploads\/2023\/01\/Kahvitupa-1950-luvulla.jpg 800w, https:\/\/espoonperinneseura.net\/yritykset\/wp-content\/uploads\/2023\/01\/Kahvitupa-1950-luvulla-300x183.jpg 300w, https:\/\/espoonperinneseura.net\/yritykset\/wp-content\/uploads\/2023\/01\/Kahvitupa-1950-luvulla-768x468.jpg 768w\" sizes=\"auto, (max-width: 800px) 100vw, 800px\" \/><\/p>\n<p class=\"wp-caption-text\">N\u00e4kym\u00e4 Turuntielt\u00e4 1950-luvulla. Vasemmalla Varubodenin myym\u00e4l\u00e4, keskell\u00e4 Bemb\u00f6len kahvitupa.<br \/>\nKuva: <a href=\"https:\/\/ekm.finna.fi\/\" target=\"_blank\" rel=\"noopener\">Espoon kaupunginmuseo<\/a><\/p>\n<\/div>\n<p>L\u00e4hteit\u00e4:<\/p>\n<p><a href=\"https:\/\/bembolenkahvitupa.net\/\" target=\"_blank\" rel=\"noopener\">Bemb\u00f6len Kahvitupa<\/a><\/p>\n<p><a href=\"https:\/\/www.lansivayla.fi\/paikalliset\/4483645\" target=\"_blank\" rel=\"noopener\">Sisarukset ovat py\u00f6ritt\u00e4neet Bemb\u00f6len kahvitupaa koko ik\u00e4ns\u00e4<\/a>, L\u00e4nsiv\u00e4yl\u00e4 20.2.2022.<\/p>\n<p><a href=\"https:\/\/espoonperinneseura.net\/tuote\/bembole-historiaa-ja-holmolaistarinoita\/\" target=\"_blank\" rel=\"noopener\">Ulf Johansson: Bemb\u00f6le \u2013 historiaa ja h\u00f6lm\u00f6l\u00e4istarinoita<\/a>. Espoon perinneseura 2021.<\/p>\n","protected":false},"excerpt":{"rendered":"<p>Esko Uotila Bemb\u00f6len Kahvitupa. Kuva: Wikipedia. Bemb\u00f6len Kahvitupa toimii Bellin maatilan vanhassa p\u00e4\u00e4rakennuksessa. Suuri tupa ja kamari sek\u00e4 eteinen on rakennettu ilmeisesti vuonna 1737. Saliosa on rakennettu luultavasti 1800-luvun alussa. Tuvan komeat kattoparrut ja taitteinen sis\u00e4katto ovat s\u00e4ilyneet, vaikka sis\u00e4tiloissa <span class=\"excerpt-dots\">&hellip;<\/span> <a class=\"more-link\" href=\"https:\/\/espoonperinneseura.net\/yritykset\/kauppa-ja-palvelut\/bembolen-kahvitupa\/\"><span class=\"more-msg\">Jatka lukemista &rarr;<\/span><\/a><\/p>\n","protected":false},"author":1,"featured_media":0,"parent":236,"menu_order":0,"comment_status":"closed","ping_status":"closed","template":"","meta":{"om_disable_all_campaigns":false,"_monsterinsights_skip_tracking":false,"_monsterinsights_sitenote_active":false,"_monsterinsights_sitenote_note":"","_monsterinsights_sitenote_category":0,"_uf_show_specific_survey":0,"_uf_disable_surveys":false,"footnotes":""},"class_list":["post-573","page","type-page","status-publish","hentry"],"aioseo_notices":[],"featured_image_src":null,"_links":{"self":[{"href":"https:\/\/espoonperinneseura.net\/yritykset\/wp-json\/wp\/v2\/pages\/573","targetHints":{"allow":["GET"]}}],"collection":[{"href":"https:\/\/espoonperinneseura.net\/yritykset\/wp-json\/wp\/v2\/pages"}],"about":[{"href":"https:\/\/espoonperinneseura.net\/yritykset\/wp-json\/wp\/v2\/types\/page"}],"author":[{"embeddable":true,"href":"https:\/\/espoonperinneseura.net\/yritykset\/wp-json\/wp\/v2\/users\/1"}],"replies":[{"embeddable":true,"href":"https:\/\/espoonperinneseura.net\/yritykset\/wp-json\/wp\/v2\/comments?post=573"}],"version-history":[{"count":17,"href":"https:\/\/espoonperinneseura.net\/yritykset\/wp-json\/wp\/v2\/pages\/573\/revisions"}],"predecessor-version":[{"id":898,"href":"https:\/\/espoonperinneseura.net\/yritykset\/wp-json\/wp\/v2\/pages\/573\/revisions\/898"}],"up":[{"embeddable":true,"href":"https:\/\/espoonperinneseura.net\/yritykset\/wp-json\/wp\/v2\/pages\/236"}],"wp:attachment":[{"href":"https:\/\/espoonperinneseura.net\/yritykset\/wp-json\/wp\/v2\/media?parent=573"}],"curies":[{"name":"wp","href":"https:\/\/api.w.org\/{rel}","templated":true}]}}