{"id":623,"date":"2023-02-15T13:30:10","date_gmt":"2023-02-15T11:30:10","guid":{"rendered":"https:\/\/espoonperinneseura.net\/yritykset\/?page_id=623"},"modified":"2023-02-19T16:31:01","modified_gmt":"2023-02-19T14:31:01","slug":"pikkuyrittajat","status":"publish","type":"page","link":"https:\/\/espoonperinneseura.net\/yritykset\/yrittajyys\/pikkuyrittajat\/","title":{"rendered":"Mainio ohjelma alakoulujen yritt\u00e4jyyskasvatukseen: Pikkuyritt\u00e4j\u00e4t"},"content":{"rendered":"<p><em>Martti Hellstr\u00f6m<\/em><\/p>\n<p><img loading=\"lazy\" decoding=\"async\" class=\"alignright size-full wp-image-627\" style=\"width: 30%; max-width: 250px; height: auto;\" src=\"https:\/\/espoonperinneseura.net\/yritykset\/wp-content\/uploads\/2023\/02\/Pikkuyrittajat-logo.png\" alt=\"\" width=\"1012\" height=\"996\" srcset=\"https:\/\/espoonperinneseura.net\/yritykset\/wp-content\/uploads\/2023\/02\/Pikkuyrittajat-logo.png 1012w, https:\/\/espoonperinneseura.net\/yritykset\/wp-content\/uploads\/2023\/02\/Pikkuyrittajat-logo-300x295.png 300w, https:\/\/espoonperinneseura.net\/yritykset\/wp-content\/uploads\/2023\/02\/Pikkuyrittajat-logo-768x756.png 768w\" sizes=\"auto, (max-width: 1012px) 100vw, 1012px\" \/>Pikkuyritt\u00e4j\u00e4t on maksuton yritt\u00e4jyyskasvatusohjelma peruskoulun 4.-6.-luokkalaisille. Vaikuttava l\u00e4\u00e4keaine siin\u00e4 on 2-4 hengen ryhmiss\u00e4 perustettava oma pikkuyritys. Ohjelma istuu mainiosti perusopetuksen tuoreimpaan opetussuunnitelmaan ja sen eheytt\u00e4v\u00e4\u00e4n henkeen.<\/p>\n<p>Ohjelman is\u00e4 on yritt\u00e4j\u00e4 Mikko Nurminen. Idea syntyi vuonna 2013 lasten pihaleikeist\u00e4. Ohjelmaa pilotoitiin lukuvuonna 2013-2014 kahdessa espoolaiskoulussa yhdess\u00e4 voittoa tavoittelemattoman Nuori Yritt\u00e4jyys ry:n kanssa. Nyt mukana on ollut jo l\u00e4hes 100 000 lasta 700 koulusta, ja ohjelma on palkittu kansainv\u00e4lisesti.<\/p>\n<p>Nuori Yritt\u00e4jyys ry tarjoaa ohjelmaa maksutta alakouluihin ymp\u00e4ri Suomea ja kouluttaa opettajia ohjelman vet\u00e4jiksi. Opettajille on tarjolla valmis oppimateriaalipaketti yritt\u00e4jyys- ja ty\u00f6el\u00e4m\u00e4taitojen toteuttamiseen, tukea ja koulutusta ohjelman toteuttamiseen sek\u00e4 uusia yhteisty\u00f6verkostoja koulun ja ty\u00f6el\u00e4m\u00e4n v\u00e4lille.<\/p>\n<p>Ohjelmaan ilmoittautuva opettaja saa itselleen opettajan oppaan ja oppilailleen Pikkuyritt\u00e4j\u00e4n k\u00e4sikirjat, Pikkuyritt\u00e4j\u00e4t t-paidat, todistukset oppilaille osallistumisesta, Pikkuyritt\u00e4j\u00e4t-mobiilipelin sek\u00e4 k\u00e4ytt\u00f6\u00f6ns\u00e4 verkkomateriaalit.<\/p>\n<p><strong>Kuinka ohjelma toimii?<\/strong><\/p>\n<p>Lapset miettiv\u00e4t koulussa ryhmiss\u00e4, millaisen pikkuyrityksen he haluaisivat perustaa. Omaa yrityst\u00e4 ja liikeideaa kehitell\u00e4\u00e4n sitten 18 tunnin aikana yhdeks\u00e4ll\u00e4 eri teemalla. Ideaa mm. br\u00e4nd\u00e4t\u00e4\u00e4n, keksit\u00e4\u00e4n slogan ja hissipuhe, hinnoitellaan tuotteet\/palvelut, markkinoidaan ja myyd\u00e4\u00e4n tuotteita.<\/p>\n<p>Samalla harjoitellaan yritt\u00e4jyytt\u00e4, ty\u00f6el\u00e4m\u00e4- ja taloustaitoja sek\u00e4 tutustutaan kest\u00e4v\u00e4n kehityksen ja kiertotalouden n\u00e4k\u00f6kulmiin.<\/p>\n<p>Ohjelma huipentuu yhteiseen myyj\u00e4istapahtumaan, jossa lapset myyv\u00e4t oikealla rahalla itse kehitt\u00e4mi\u00e4\u00e4n tuotteita tai palveluita oikeille asiakkaille. Kev\u00e4isin j\u00e4rjestet\u00e4\u00e4n my\u00f6s kilpailu, johon Pikkuyritt\u00e4j\u00e4-tiimit voivat halutessaan hakea.<\/p>\n<p>Pikkuyritt\u00e4j\u00e4 oppii juuri niit\u00e4 taitoja, joita pidet\u00e4\u00e4n maailmanlaajuisesti t\u00e4rkein\u00e4 tulevaisuudessa: huolehtimaan itsest\u00e4\u00e4n, huomaamaan ymp\u00e4rill\u00e4\u00e4n mahdollisuuksia, asettamaan tavoitteita, suunnittelemaan, kokeilemaan ja arvioimaan ty\u00f6t\u00e4\u00e4n, keksim\u00e4\u00e4n ideoita ja testaamaan niit\u00e4, ratkaisemaan ongelmia, s\u00e4\u00e4telem\u00e4\u00e4n omaa toimintaansa, tekem\u00e4\u00e4n sisukkaasti t\u00f6it\u00e4 yksin ja tiimeiss\u00e4, kohtaamaan ihmisi\u00e4 kunnioittavasti, ratkomaan luovasti ristiriitoja, vaikuttamaan ja viestim\u00e4\u00e4n monipuolisesti sek\u00e4 johtamaan innostavasti.<\/p>\n<div style=\"width: 44%; max-width: 356px; float: left; margin-right: 25px;\">\n\n\t\t<style type=\"text\/css\">\n\t\t\t#gallery-1 {\n\t\t\t\tmargin: auto;\n\t\t\t}\n\t\t\t#gallery-1 .gallery-item {\n\t\t\t\tfloat: left;\n\t\t\t\tmargin-top: 10px;\n\t\t\t\ttext-align: center;\n\t\t\t\twidth: 100%;\n\t\t\t}\n\t\t\t#gallery-1 img {\n\t\t\t\tborder: 2px solid #cfcfcf;\n\t\t\t}\n\t\t\t#gallery-1 .gallery-caption {\n\t\t\t\tmargin-left: 0;\n\t\t\t}\n\t\t\t\/* see gallery_shortcode() in wp-includes\/media.php *\/\n\t\t<\/style>\n\t\t<div id='gallery-1' class='gallery galleryid-623 gallery-columns-1 gallery-size-large'><dl class='gallery-item'>\n\t\t\t<dt class='gallery-icon portrait'>\n\t\t\t\t<a href='https:\/\/espoonperinneseura.net\/yritykset\/yrittajyys\/pikkuyrittajat\/08-loppuhuipentuma-pysty-oikea-myyntitilanne\/'><img loading=\"lazy\" decoding=\"async\" width=\"576\" height=\"1024\" src=\"https:\/\/espoonperinneseura.net\/yritykset\/wp-content\/uploads\/2023\/02\/08-Loppuhuipentuma-pysty-OIKEA-MYYNTITILANNE-576x1024.jpg\" class=\"attachment-large size-large\" alt=\"\" aria-describedby=\"gallery-1-625\" srcset=\"https:\/\/espoonperinneseura.net\/yritykset\/wp-content\/uploads\/2023\/02\/08-Loppuhuipentuma-pysty-OIKEA-MYYNTITILANNE-576x1024.jpg 576w, https:\/\/espoonperinneseura.net\/yritykset\/wp-content\/uploads\/2023\/02\/08-Loppuhuipentuma-pysty-OIKEA-MYYNTITILANNE-169x300.jpg 169w, https:\/\/espoonperinneseura.net\/yritykset\/wp-content\/uploads\/2023\/02\/08-Loppuhuipentuma-pysty-OIKEA-MYYNTITILANNE-768x1365.jpg 768w, https:\/\/espoonperinneseura.net\/yritykset\/wp-content\/uploads\/2023\/02\/08-Loppuhuipentuma-pysty-OIKEA-MYYNTITILANNE-864x1536.jpg 864w, https:\/\/espoonperinneseura.net\/yritykset\/wp-content\/uploads\/2023\/02\/08-Loppuhuipentuma-pysty-OIKEA-MYYNTITILANNE-1152x2048.jpg 1152w, https:\/\/espoonperinneseura.net\/yritykset\/wp-content\/uploads\/2023\/02\/08-Loppuhuipentuma-pysty-OIKEA-MYYNTITILANNE-scaled.jpg 1440w\" sizes=\"auto, (max-width: 576px) 100vw, 576px\" \/><\/a>\n\t\t\t<\/dt>\n\t\t\t\t<dd class='wp-caption-text gallery-caption' id='gallery-1-625'>\n\t\t\t\tLoppuhuipentuman aito myyntitilanne\n\t\t\t\t<\/dd><\/dl><br style=\"clear: both\" \/>\n\t\t<\/div>\n\n<\/div>\n<div style=\"width: 48%; max-width: 400px; float: left;\">\n\n\t\t<style type=\"text\/css\">\n\t\t\t#gallery-2 {\n\t\t\t\tmargin: auto;\n\t\t\t}\n\t\t\t#gallery-2 .gallery-item {\n\t\t\t\tfloat: left;\n\t\t\t\tmargin-top: 10px;\n\t\t\t\ttext-align: center;\n\t\t\t\twidth: 100%;\n\t\t\t}\n\t\t\t#gallery-2 img {\n\t\t\t\tborder: 2px solid #cfcfcf;\n\t\t\t}\n\t\t\t#gallery-2 .gallery-caption {\n\t\t\t\tmargin-left: 0;\n\t\t\t}\n\t\t\t\/* see gallery_shortcode() in wp-includes\/media.php *\/\n\t\t<\/style>\n\t\t<div id='gallery-2' class='gallery galleryid-623 gallery-columns-1 gallery-size-large'><dl class='gallery-item'>\n\t\t\t<dt class='gallery-icon landscape'>\n\t\t\t\t<a href='https:\/\/espoonperinneseura.net\/yritykset\/yrittajyys\/pikkuyrittajat\/01-ideoille-siivet-tarinan-paakuva-1\/'><img loading=\"lazy\" decoding=\"async\" width=\"1024\" height=\"683\" src=\"https:\/\/espoonperinneseura.net\/yritykset\/wp-content\/uploads\/2023\/02\/01-Ideoille-siivet-tarinan-paakuva-1-1024x683.jpg\" class=\"attachment-large size-large\" alt=\"\" aria-describedby=\"gallery-2-624\" srcset=\"https:\/\/espoonperinneseura.net\/yritykset\/wp-content\/uploads\/2023\/02\/01-Ideoille-siivet-tarinan-paakuva-1-1024x683.jpg 1024w, https:\/\/espoonperinneseura.net\/yritykset\/wp-content\/uploads\/2023\/02\/01-Ideoille-siivet-tarinan-paakuva-1-300x200.jpg 300w, https:\/\/espoonperinneseura.net\/yritykset\/wp-content\/uploads\/2023\/02\/01-Ideoille-siivet-tarinan-paakuva-1-768x512.jpg 768w, https:\/\/espoonperinneseura.net\/yritykset\/wp-content\/uploads\/2023\/02\/01-Ideoille-siivet-tarinan-paakuva-1-1536x1024.jpg 1536w, https:\/\/espoonperinneseura.net\/yritykset\/wp-content\/uploads\/2023\/02\/01-Ideoille-siivet-tarinan-paakuva-1-2048x1365.jpg 2048w\" sizes=\"auto, (max-width: 1024px) 100vw, 1024px\" \/><\/a>\n\t\t\t<\/dt>\n\t\t\t\t<dd class='wp-caption-text gallery-caption' id='gallery-2-624'>\n\t\t\t\tIdeoille siivet\n\t\t\t\t<\/dd><\/dl><br style=\"clear: both\" \/><dl class='gallery-item'>\n\t\t\t<dt class='gallery-icon landscape'>\n\t\t\t\t<a href='https:\/\/espoonperinneseura.net\/yritykset\/yrittajyys\/pikkuyrittajat\/omenakeisari7-008-1\/'><img loading=\"lazy\" decoding=\"async\" width=\"1024\" height=\"768\" src=\"https:\/\/espoonperinneseura.net\/yritykset\/wp-content\/uploads\/2023\/02\/Omenakeisari7-008-1-1024x768.jpg\" class=\"attachment-large size-large\" alt=\"\" aria-describedby=\"gallery-2-626\" srcset=\"https:\/\/espoonperinneseura.net\/yritykset\/wp-content\/uploads\/2023\/02\/Omenakeisari7-008-1-1024x768.jpg 1024w, https:\/\/espoonperinneseura.net\/yritykset\/wp-content\/uploads\/2023\/02\/Omenakeisari7-008-1-300x225.jpg 300w, https:\/\/espoonperinneseura.net\/yritykset\/wp-content\/uploads\/2023\/02\/Omenakeisari7-008-1-768x576.jpg 768w, https:\/\/espoonperinneseura.net\/yritykset\/wp-content\/uploads\/2023\/02\/Omenakeisari7-008-1-1536x1152.jpg 1536w, https:\/\/espoonperinneseura.net\/yritykset\/wp-content\/uploads\/2023\/02\/Omenakeisari7-008-1-2048x1536.jpg 2048w\" sizes=\"auto, (max-width: 1024px) 100vw, 1024px\" \/><\/a>\n\t\t\t<\/dt>\n\t\t\t\t<dd class='wp-caption-text gallery-caption' id='gallery-2-626'>\n\t\t\t\tOmenakeisari\n\t\t\t\t<\/dd><\/dl><br style=\"clear: both\" \/>\n\t\t<\/div>\n\n<\/div>\n<p style=\"clear: both;\">L\u00c4HTEIT\u00c4<\/p>\n<p>Nurminen, Mikko ja Poukka, Petteri. (2021). Pienest\u00e4 ponnistaneet. Koko perheen yritt\u00e4jyyskirja. Helsinki: Nubacom Group.<\/p>\n<p><a href=\"https:\/\/pikkuyrittajat.fi\/\">Pikkuyritt\u00e4j\u00e4t (pikkuyrittajat.fi)<\/a><\/p>\n<p><iframe loading=\"lazy\" title=\"Pikkuyritt\u00e4j\u00e4t - Laaja-alainen yritt\u00e4jyyskasvatuksen ohjelma alakouluihin\" width=\"1100\" height=\"619\" src=\"https:\/\/www.youtube.com\/embed\/J3bZn7D_qpk?start=17&#038;feature=oembed\" frameborder=\"0\" allow=\"accelerometer; autoplay; clipboard-write; encrypted-media; gyroscope; picture-in-picture; web-share\" allowfullscreen><\/iframe><\/p>\n","protected":false},"excerpt":{"rendered":"<p>Martti Hellstr\u00f6m Pikkuyritt\u00e4j\u00e4t on maksuton yritt\u00e4jyyskasvatusohjelma peruskoulun 4.-6.-luokkalaisille. Vaikuttava l\u00e4\u00e4keaine siin\u00e4 on 2-4 hengen ryhmiss\u00e4 perustettava oma pikkuyritys. Ohjelma istuu mainiosti perusopetuksen tuoreimpaan opetussuunnitelmaan ja sen eheytt\u00e4v\u00e4\u00e4n henkeen. Ohjelman is\u00e4 on yritt\u00e4j\u00e4 Mikko Nurminen. Idea syntyi vuonna 2013 lasten pihaleikeist\u00e4. <span class=\"excerpt-dots\">&hellip;<\/span> <a class=\"more-link\" href=\"https:\/\/espoonperinneseura.net\/yritykset\/yrittajyys\/pikkuyrittajat\/\"><span class=\"more-msg\">Jatka lukemista &rarr;<\/span><\/a><\/p>\n","protected":false},"author":1,"featured_media":0,"parent":288,"menu_order":3,"comment_status":"closed","ping_status":"closed","template":"","meta":{"om_disable_all_campaigns":false,"_monsterinsights_skip_tracking":false,"_monsterinsights_sitenote_active":false,"_monsterinsights_sitenote_note":"","_monsterinsights_sitenote_category":0,"_uf_show_specific_survey":0,"_uf_disable_surveys":false,"footnotes":""},"class_list":["post-623","page","type-page","status-publish","hentry"],"aioseo_notices":[],"featured_image_src":null,"_links":{"self":[{"href":"https:\/\/espoonperinneseura.net\/yritykset\/wp-json\/wp\/v2\/pages\/623","targetHints":{"allow":["GET"]}}],"collection":[{"href":"https:\/\/espoonperinneseura.net\/yritykset\/wp-json\/wp\/v2\/pages"}],"about":[{"href":"https:\/\/espoonperinneseura.net\/yritykset\/wp-json\/wp\/v2\/types\/page"}],"author":[{"embeddable":true,"href":"https:\/\/espoonperinneseura.net\/yritykset\/wp-json\/wp\/v2\/users\/1"}],"replies":[{"embeddable":true,"href":"https:\/\/espoonperinneseura.net\/yritykset\/wp-json\/wp\/v2\/comments?post=623"}],"version-history":[{"count":13,"href":"https:\/\/espoonperinneseura.net\/yritykset\/wp-json\/wp\/v2\/pages\/623\/revisions"}],"predecessor-version":[{"id":653,"href":"https:\/\/espoonperinneseura.net\/yritykset\/wp-json\/wp\/v2\/pages\/623\/revisions\/653"}],"up":[{"embeddable":true,"href":"https:\/\/espoonperinneseura.net\/yritykset\/wp-json\/wp\/v2\/pages\/288"}],"wp:attachment":[{"href":"https:\/\/espoonperinneseura.net\/yritykset\/wp-json\/wp\/v2\/media?parent=623"}],"curies":[{"name":"wp","href":"https:\/\/api.w.org\/{rel}","templated":true}]}}