{"id":661,"date":"2023-02-19T16:43:14","date_gmt":"2023-02-19T14:43:14","guid":{"rendered":"https:\/\/espoonperinneseura.net\/yritykset\/?page_id=661"},"modified":"2023-02-19T16:45:16","modified_gmt":"2023-02-19T14:45:16","slug":"yrittajyyskoulutus-suomessa","status":"publish","type":"page","link":"https:\/\/espoonperinneseura.net\/yritykset\/yrittajyys\/yrittajyyskoulutus-suomessa\/","title":{"rendered":"Yritt\u00e4jyyskoulutus Suomessa"},"content":{"rendered":"<p><em>Martti Hellstr\u00f6m<\/em><\/p>\n<p>Kasvatusta yritt\u00e4j\u00e4ksi annetaan Suomessa varhaiskasvatuksesta alkaen kaikilla kouluasteilla. Aluksi harjoitetaan ns. sis\u00e4ist\u00e4 yritt\u00e4jyytt\u00e4, mutta jo peruskoulussa yritt\u00e4jyytt\u00e4 opetetaan sis\u00e4lt\u00f6n\u00e4 er\u00e4iss\u00e4 oppiaineissa ja erillisen\u00e4 ty\u00f6el\u00e4m\u00e4taitojen ja yritt\u00e4jyyden laaja-alaisena taitona kaikissa aineissa ja ns. monialaisissa kokonaisuuksia. Varsinainen koulutus yritt\u00e4j\u00e4ksi alkaa toisen ja kolmannen asteen koulutusohjelmissa paitsi nuorille my\u00f6s aikuisille.<\/p>\n<h4>Yritt\u00e4j\u00e4koulutuksen juurista<\/h4>\n<p>1860-luvulla Suomessa koettiin hurjat n\u00e4lk\u00e4vuodet. Tarve kouluttaa v\u00e4ke\u00e4 aikaisempaa tehokkaampiin viljely- ja karjanhoitomenetelmiin her\u00e4si. Tuolloin syntyiv\u00e4t maanviljelyskoulut ja karjanhoitokoulut.<\/p>\n<p>Seuraava askel olivat kauppaopistot, joista ensimm\u00e4iset perustettiin vuonna 1904. Niiss\u00e4 koulutettiin konttoristien lis\u00e4ksi liikemiehi\u00e4 eli erityisesti kaupan alan yritt\u00e4ji\u00e4. Kauppaopistojen koulutus jatkui vuosisadan vaihteeseen saakka, jolloin ne siirtyiv\u00e4t osaksi ammattikorkeakouluja.<\/p>\n<p>Vasta 1980-luvun alussa k\u00e4ynnistyi toimialasta riippumaton yritt\u00e4jyyskoulutus. Ty\u00f6llisyyslakia oli uudistettu vuonna 1976, ja t\u00e4ll\u00f6in korkeakoulut saivat mahdollisuuden j\u00e4rjest\u00e4\u00e4 yritt\u00e4j\u00e4koulutusta ty\u00f6llisyyskursseina.<\/p>\n<p>Nelj\u00e4s askel osui 1990-luvun alun syv\u00e4n laman aikoihin, jolloin syntyi massiivisen ty\u00f6tt\u00f6myys. Ty\u00f6tt\u00f6miksi j\u00e4\u00e4neit\u00e4 palkansaajia alettiin houkutella siirtym\u00e4\u00e4n yritt\u00e4jiksi. Koulutusresursseja suunnattiin aikaisempaa enemm\u00e4n teknologiaan ja liiketalouteen, my\u00f6s yritt\u00e4jyyteen. Opetushallitus alkoi kehitell\u00e4 erilaisia malleja edist\u00e4\u00e4 yritt\u00e4jyytt\u00e4.<\/p>\n<p>Vuosina 1994\u20131995 k\u00e4ytt\u00f6\u00f6n otetuissa peruskoulun, lukion ja ammatillisen koulutuksen opetussuunnitelmissa otettiin yritt\u00e4jyys aiempaa paremmin huomioon. Tuolloin syntyiv\u00e4t my\u00f6s maakunnalliset YES-yritt\u00e4jyyskasvatuskeskukset. YES-verkosto oli yritt\u00e4jyyskasvatuksen valtakunnallinen asiantuntijaverkosto, joka tuki ja valmensi opettajia yritt\u00e4jyyskasvatuksessa ja toimii alueellisen yritt\u00e4jyyskasvatusty\u00f6n rakentajana ja yhteisty\u00f6n kehitt\u00e4j\u00e4n\u00e4.<\/p>\n<p>2000-luvulla Euroopan komissio m\u00e4\u00e4ritteli aloitteellisuuden ja yritt\u00e4jyyden yhdeksi kahdeksasta elinik\u00e4isen oppimisen avaintaidosta, jotka kaikilla EU-kansalaisilla tulisi olla. Suomi totteli.<\/p>\n<p>Syksyst\u00e4 2010 l\u00e4htien yritt\u00e4j\u00e4opintoja on sis\u00e4llytetty kaikkiin toisen asteen ammatillisiin perustutkintoihin. Yhten\u00e4 opetusmenetelm\u00e4n\u00e4 oli harjoitusyritys, Nuori Yritt\u00e4jyys -toiminta ja osuustoiminta.<\/p>\n<p>Ammattitaidon Suomenmestaruuskisoissa yhten\u00e4 lajina on paras ammatillisen koulutuksen yritt\u00e4jyysopetusmenetelm\u00e4. Seuraavat kisat ovat kes\u00e4ll\u00e4 2023.<\/p>\n<h4>Yritt\u00e4jyyskasvatus- ja koulutus t\u00e4n\u00e4\u00e4n<\/h4>\n<p>Yritt\u00e4jyyskasvatus alkaa Suomessa siis jo varhaiskasvatuksessa.<\/p>\n<p>Perusopetuksessa yritt\u00e4jyyskasvatuksen tavoitteena on vahvistaa lasten ja nuorten yritt\u00e4j\u00e4m\u00e4isi\u00e4 valmiuksia sek\u00e4 rohkaista heit\u00e4 yritt\u00e4j\u00e4m\u00e4iseen asenteeseen. Yritt\u00e4jyyskasvatus sis\u00e4ltyy perusopetuksen opetussuunnitelmassa niin eri oppiaineiden kuin laaja-alaisten osaamisen taitojenkin opetukseen. Oppiaineista erityisesti historia ja yhteiskuntaoppi sek\u00e4 oppilaanohjaus sis\u00e4lt\u00e4v\u00e4t suoraan yritt\u00e4jyyskasvatukseen liittyvi\u00e4 tavoitteita ja sis\u00e4lt\u00f6j\u00e4.<\/p>\n<p>Kouluty\u00f6t\u00e4 j\u00e4rjestet\u00e4\u00e4n niin, ett\u00e4 oppilaat voivat oppia yritt\u00e4j\u00e4m\u00e4ist\u00e4 toimintatapaa ja oivaltaa koulussa ja vapaa-ajalla hankitun osaamisen merkityksen oman ty\u00f6uransa kannalta. Yritt\u00e4jyys sek\u00e4 riskien arviointi ja hallittu ottaminen tulevat tutuiksi my\u00f6s erilaisten projektien kautta.<\/p>\n<p>Vuodesta 1985 alkaen on j\u00e4rjestetty valtakunnallista Yritys Hyv\u00e4 -kilpailua. joka on suunnattu peruskoulun yl\u00e4koululaisille sek\u00e4 lukiolaisille ja ammattiin opiskeleville.<\/p>\n<p>Monessa kaupungissa, mm. Espoossa oppilaat osallistuvat yrityskyl\u00e4kokonaisuuteen, joka tarjoaa innostavan tavan oppia ty\u00f6el\u00e4m\u00e4st\u00e4, taloudesta ja yhteiskunnasta.<\/p>\n<h4>Toisen asteen oppilaitokset<\/h4>\n<p>Peruskoulun j\u00e4lkeen yritt\u00e4jyyskoulutusta annetaan toisen asteen oppilaitoksissa kursseina ja painotuksina lukioissa sek\u00e4 ammatillisissa oppilaitoksissa. Pyh\u00e4joella on erityinen yritt\u00e4jyyslukio. Ammatillisessa koulutuksessa suoritettava liiketoiminnan perustutkinto (merkonomi) on my\u00f6s hyv\u00e4 pohja yritt\u00e4jyyteen. Sen voi suorittaa my\u00f6s verkossa. 2000-luvun alussa kotitalousyritt\u00e4j\u00e4n perustutkinnon sai suorittaa Espoon palvelualojen oppilaitoksessa. Karvin tutkimuksen (2018) mukaan 72 prosenttia ammatillisen koulutuksen j\u00e4rjest\u00e4jist\u00e4 j\u00e4rjesti yritt\u00e4jyysopintoja.<\/p>\n<h4><strong>Korkeakoulut<\/strong><\/h4>\n<p>Ammattikorkeakouluissa ja yliopistoissa yritt\u00e4jyyskoulutusta annetaan erillisin\u00e4 tutkintoina, tutkinnon osina ja sivuaineina. Karvin tutkimuksen mukaan l\u00e4hes kaikki korkeakoulut j\u00e4rjestiv\u00e4t yritt\u00e4jyysopintoja.<\/p>\n<p>Ammattikorkeakoulut ottivat alusta asti ohjelmaansa yritt\u00e4jyyskoulutuksen. Tradenomi amk voi suunnata osaamistaan mm. yritt\u00e4jyyteen (210 op). Tarjolla on my\u00f6s 3-vuotinen yritt\u00e4j\u00e4n tutkinto-ohjelma: Liiketalouden ammattikorkeakoulututkinto.<\/p>\n<p>Kaikkien suomalaisten yliopistojen verkkosivuilla kerrotaan yritt\u00e4jyydest\u00e4. Koulutus pyrkii antamaan valmiuksia yrityksen perustamiseen sek\u00e4 uuden tuotteen tai idean tuomiseen markkinoille. Mm. Oulun yliopiston Yritt\u00e4jyyden Urapolku on avoinna kaikkien alojen opiskelijoille. Polulta voi valita yksitt\u00e4isi\u00e4 opintojaksoja tai laajemman 25 opintopisteen sivuainekokonaisuuden. Turun yliopistossa on erillinen yritt\u00e4jyyden oppiaine. Kansainv\u00e4lisen johtamisen ja yritt\u00e4jyyden tutkinto-ohjelmissa (sek\u00e4 KTK ett\u00e4 KTM) on kolme erikoistumissuuntaa. It\u00e4-Suomen yliopistossa on yritt\u00e4jyyden sivuainekokonaisuus.<\/p>\n<p>Tekniikan alojen opiskelijoille on tarjolla erilaisia yritt\u00e4jyystaitoihin keskittyvi\u00e4 kursseja kaikissa yliopistoissa. Aalto-yliopisto j\u00e4rjest\u00e4\u00e4 poikkitieteellisi\u00e4 ja kaikille avoimia yritt\u00e4jyyskursseja. Yhteist\u00e4 niille on yritt\u00e4jyys- ja ty\u00f6el\u00e4m\u00e4taitojen, kuten tuotekehitystaitojen sitominen opiskelijan omiin kiinnostuksen kohteisiin ja opintoalaan.<\/p>\n<p>Kaikki yliopistot kannustavat yritt\u00e4jyyteen. Pisimm\u00e4ll\u00e4 ollaan Otaniemess\u00e4, jonka Aalto Startup Centerin suojissa on synnytetty yrityksi\u00e4 jo nelj\u00e4nnesvuosisadan ajan. Sen yrityskiihdytt\u00e4m\u00f6st\u00e4 ponnistaneista yrityksist\u00e4 on poikinut jo puolen miljardin liikevaihto ja yli 3\u202f200 ty\u00f6llistyv\u00e4\u00e4.<\/p>\n<h4>Aikuiskoulutus<\/h4>\n<p>Toisen ja kolmannen asteen oppilaitoksissa j\u00e4rjestet\u00e4\u00e4n koulutusta my\u00f6s aikuisille yritt\u00e4jiksi siirtyville ja yritt\u00e4jin\u00e4 jo toimiville henkil\u00f6ille osana elinik\u00e4ist\u00e4 oppimista.<\/p>\n<p>Yritt\u00e4j\u00e4n ammattitutkinto on virallinen n\u00e4ytt\u00f6tutkinto, jossa osaaminen n\u00e4ytet\u00e4\u00e4n k\u00e4yt\u00e4nn\u00f6n ty\u00f6teht\u00e4viss\u00e4 omassa yritystoiminnassa. Tutkinnon voi suorittaa monissa aikuiskoulutusta antavissa oppilaitoksissa eri puolilla Suomea, 2000-luvun alussa my\u00f6s Espoon liiketalousinstituutissa.<\/p>\n<p>My\u00f6s Omnia tarjoaa yritt\u00e4jyyskoulutusta. Siell\u00e4 voi suorittaa sek\u00e4 ammatti- ett\u00e4 erityisammattitutkinnon. 2010-luvulla Omnian kylkeen perustettiin InnoOmnnia joka toi ty\u00f6el\u00e4m\u00e4yhteisty\u00f6t\u00e4, innovatiivisuutta ja yritt\u00e4jyytt\u00e4 ammatilliseen koulutukseen<\/p>\n<p>Akateemisen yritt\u00e4j\u00e4tutkinnon (25 op), voi suorittaa mm. Aalto-yliopiston Pienyrityskeskuksessa Helsingiss\u00e4 tai Mikkeliss\u00e4.<\/p>\n<p>Monet eri oppilaitokset tarjoavat my\u00f6s muutaman viikon yritt\u00e4jyyskoulutuksia.<\/p>\n<p>My\u00f6s ty\u00f6voimatoimistot j\u00e4rjest\u00e4v\u00e4t yritt\u00e4jyyskursseja. Ne on tarkoitettu l\u00e4hinn\u00e4 ty\u00f6tt\u00f6mille ty\u00f6nhakijoille. T\u00e4llainen on mm. Kohti yritt\u00e4jyytt\u00e4 -koulutus, jota j\u00e4rjestet\u00e4\u00e4n suomeksi, selkosuomeksi ja englanniksi.<\/p>\n<p>Vuonna 2018 Suomessa toteutettiin hyvin radikaali ns. amisreformi ja vuonna 2021 pidennettiin oppivelvollisuutta 18 ik\u00e4vuoteen. Yritt\u00e4j\u00e4lle voidaan nyky\u00e4\u00e4n tehd\u00e4 my\u00f6s yritt\u00e4j\u00e4n oppisopimus. My\u00f6s nuorten yritt\u00e4jyyskoulutuksen muodot ovat muuttumassa.<\/p>\n<p><strong>L\u00c4HTEIT\u00c4<\/strong><\/p>\n<p>Hellstr\u00f6m, Martti. (2021). Omnian tarina. Matka monialaiseksi ja monimuotoiseksi koulutus- ja palveluorganisaatioksi. Espoo: Omnia.<\/p>\n<p>Honkanen, Virpi (2008). Ammattikorkeakoulusta yritt\u00e4j\u00e4ksi. Yritt\u00e4jyyden yksik\u00f6ist\u00e4 valmistuneiden koulutuskokemukset, yritt\u00e4j\u00e4urat ja menestyminen, Turku: Koulutussosiologian tutkimuskeskus RUSE, Turun yliopisto<\/p>\n<p>Anon. (2009). Yritt\u00e4jyyskasvatuksen suuntaviivat. Opetusministeri\u00f6n julkaisuja 2009:7. Opetusministeri\u00f6, Koulutus- ja tiedepolitiikan osasto.<\/p>\n<p><a href=\"https:\/\/fi.wikipedia.org\/wiki\/Yritt\u00e4jyyskoulutus_Suomessa\" target=\"_blank\" rel=\"noopener\">Yritt\u00e4jyyskoulutus Suomessa<\/a>, Wikipedia<\/p>\n<p><a href=\"https:\/\/karvi.fi\/ammatillinen-koulutus\/teema-ja-jarjestelmaarvioinnit\/yrittajyys-ja-innovaatiotoiminta-ammatillisessa-koulutuksessa-ja-korkeakouluissa-yrtti-arviointi\/\" target=\"_blank\" rel=\"noopener\">Yritt\u00e4jyys ammatillisessa koulutuksessa ja korkeakouluissa (Yrtti-arviointi)<\/a>, Kansallinen koulutuksen arviointikeskus<\/p>\n","protected":false},"excerpt":{"rendered":"<p>Martti Hellstr\u00f6m Kasvatusta yritt\u00e4j\u00e4ksi annetaan Suomessa varhaiskasvatuksesta alkaen kaikilla kouluasteilla. Aluksi harjoitetaan ns. sis\u00e4ist\u00e4 yritt\u00e4jyytt\u00e4, mutta jo peruskoulussa yritt\u00e4jyytt\u00e4 opetetaan sis\u00e4lt\u00f6n\u00e4 er\u00e4iss\u00e4 oppiaineissa ja erillisen\u00e4 ty\u00f6el\u00e4m\u00e4taitojen ja yritt\u00e4jyyden laaja-alaisena taitona kaikissa aineissa ja ns. monialaisissa kokonaisuuksia. Varsinainen koulutus yritt\u00e4j\u00e4ksi alkaa <span class=\"excerpt-dots\">&hellip;<\/span> <a class=\"more-link\" href=\"https:\/\/espoonperinneseura.net\/yritykset\/yrittajyys\/yrittajyyskoulutus-suomessa\/\"><span class=\"more-msg\">Jatka lukemista &rarr;<\/span><\/a><\/p>\n","protected":false},"author":1,"featured_media":0,"parent":288,"menu_order":0,"comment_status":"closed","ping_status":"closed","template":"","meta":{"om_disable_all_campaigns":false,"_monsterinsights_skip_tracking":false,"_monsterinsights_sitenote_active":false,"_monsterinsights_sitenote_note":"","_monsterinsights_sitenote_category":0,"_uf_show_specific_survey":0,"_uf_disable_surveys":false,"footnotes":""},"class_list":["post-661","page","type-page","status-publish","hentry"],"aioseo_notices":[],"featured_image_src":null,"_links":{"self":[{"href":"https:\/\/espoonperinneseura.net\/yritykset\/wp-json\/wp\/v2\/pages\/661","targetHints":{"allow":["GET"]}}],"collection":[{"href":"https:\/\/espoonperinneseura.net\/yritykset\/wp-json\/wp\/v2\/pages"}],"about":[{"href":"https:\/\/espoonperinneseura.net\/yritykset\/wp-json\/wp\/v2\/types\/page"}],"author":[{"embeddable":true,"href":"https:\/\/espoonperinneseura.net\/yritykset\/wp-json\/wp\/v2\/users\/1"}],"replies":[{"embeddable":true,"href":"https:\/\/espoonperinneseura.net\/yritykset\/wp-json\/wp\/v2\/comments?post=661"}],"version-history":[{"count":1,"href":"https:\/\/espoonperinneseura.net\/yritykset\/wp-json\/wp\/v2\/pages\/661\/revisions"}],"predecessor-version":[{"id":662,"href":"https:\/\/espoonperinneseura.net\/yritykset\/wp-json\/wp\/v2\/pages\/661\/revisions\/662"}],"up":[{"embeddable":true,"href":"https:\/\/espoonperinneseura.net\/yritykset\/wp-json\/wp\/v2\/pages\/288"}],"wp:attachment":[{"href":"https:\/\/espoonperinneseura.net\/yritykset\/wp-json\/wp\/v2\/media?parent=661"}],"curies":[{"name":"wp","href":"https:\/\/api.w.org\/{rel}","templated":true}]}}