{"id":728,"date":"2023-03-08T12:30:14","date_gmt":"2023-03-08T10:30:14","guid":{"rendered":"https:\/\/espoonperinneseura.net\/yritykset\/?page_id=728"},"modified":"2023-08-03T09:34:37","modified_gmt":"2023-08-03T06:34:37","slug":"espoon-sahko","status":"publish","type":"page","link":"https:\/\/espoonperinneseura.net\/yritykset\/julkiset-yhtiot\/espoon-sahko\/","title":{"rendered":"Espoon S\u00e4hk\u00f6 Oy"},"content":{"rendered":"<p><em>Esko Uotila<\/em><\/p>\n<h4>Espoo alkoi s\u00e4hk\u00f6isty\u00e4 1900-luvun alussa<\/h4>\n<div style=\"width: 45%; float: right; margin: 0 0 5px 10px;\">\n<div style=\"width: 810px\" class=\"wp-caption alignright\"><img loading=\"lazy\" decoding=\"async\" class=\"size-full wp-image-735\" style=\"width: 100%;\" src=\"https:\/\/espoonperinneseura.net\/yritykset\/wp-content\/uploads\/2023\/03\/Espoon-sahkon-osakekirja-1918.jpg\" alt=\"\" width=\"800\" height=\"545\" srcset=\"https:\/\/espoonperinneseura.net\/yritykset\/wp-content\/uploads\/2023\/03\/Espoon-sahkon-osakekirja-1918.jpg 800w, https:\/\/espoonperinneseura.net\/yritykset\/wp-content\/uploads\/2023\/03\/Espoon-sahkon-osakekirja-1918-300x204.jpg 300w, https:\/\/espoonperinneseura.net\/yritykset\/wp-content\/uploads\/2023\/03\/Espoon-sahkon-osakekirja-1918-768x523.jpg 768w\" sizes=\"auto, (max-width: 800px) 100vw, 800px\" \/><p class=\"wp-caption-text\">Esbo Elektrisk Aktiebolag osakekirja 1918. Espoon kaupunginmuseo.<\/p><\/div>\n<\/div>\n<p>Esbo Elektriska Aktiebolag perustettiin vuonna 1918. S\u00e4hk\u00f6 saatiin aluksi Helsingin Kaupungin S\u00e4hk\u00f6laitokselta Oy Gottfrid Str\u00f6mbergin myym\u00e4n\u00e4 Munkkiniemen ja Pit\u00e4j\u00e4nm\u00e4en kautta Lepp\u00e4vaaraan rakennetun s\u00e4hk\u00f6verkon kautta. Espoon S\u00e4hk\u00f6n historia kertoo Kilon kartanon saaneen s\u00e4hk\u00f6n jouluksi 1918. Seuraavana vuonna verkkoon liitettiin kuluttajia Muuralassa, Bemb\u00f6less\u00e4, Vanhassakyl\u00e4ss\u00e4 ja Viherlaaksossa. Vuodesta 1939 alkaen s\u00e4hk\u00f6\u00e4 johdettiin Imatran Voima Oy:n verkosta J\u00e4rvenper\u00e4\u00e4n rakennetun jakeluaseman kautta.<\/p>\n<p>Vuonna 1918 perustettiin my\u00f6s Oy Albergan S\u00e4hk\u00f6 Ab huolehtimaan Lepp\u00e4vaaran s\u00e4hk\u00f6njakelusta. Vantaa Energia Oy:n edelt\u00e4j\u00e4 Oy Malmin S\u00e4hk\u00f6laitos toimitti 1900-luvun alkupuolella s\u00e4hk\u00f6\u00e4 Espoon it\u00e4osiin. Vuonna 1949 se osti Oy Albergan S\u00e4hk\u00f6 Ab:n. Seuraavana vuonna Kauniaisten kauppala siirsi s\u00e4hk\u00f6nhankintansa Espoon S\u00e4hk\u00f6 Oy:st\u00e4 Oy Malmin S\u00e4hk\u00f6laitokseen. Alueen s\u00e4hk\u00f6laitosten yhteisty\u00f6n j\u00e4rjest\u00e4misess\u00e4 oli suuria vaikeuksia.<\/p>\n<p>Oy Malmin S\u00e4hk\u00f6laitos toimi vuodesta 1966 nimell\u00e4 Helsingin Ymp\u00e4rist\u00f6n S\u00e4hk\u00f6laitos Oy, vuodesta 1972 Vantaan S\u00e4hk\u00f6laitos Oy ja vuodesta 1996 Vantaan Energia Oy. Helsingin Ymp\u00e4rist\u00f6n S\u00e4hk\u00f6laitos Oy myi 1970-luvun alussa Westendin, Lepp\u00e4vaaran, Laaksolahden, Viherlaakson ja Laajalahden verkostot Espoon S\u00e4hk\u00f6 Oy:lle.<\/p>\n<h4>Kunnallinen s\u00e4hk\u00f6yhti\u00f6 ottaa vastuun<\/h4>\n<p>Tapiolan S\u00e4hk\u00f6laitos Oy vastasi pitk\u00e4\u00e4n s\u00e4hk\u00f6njakelusta Tapiolassa. Espoon S\u00e4hk\u00f6 Oy osti yrityksen vuonna 1976.<\/p>\n<p>Vuonna 1955 Espoon s\u00e4hk\u00f6yhti\u00f6n nimeksi vaihdettiin Espoon S\u00e4hk\u00f6 Oy &#8211; Esbo Elektriska Ab. Vuonna 1956 Espoon maalaiskunta osti yhti\u00f6n osake-enemmist\u00f6n. Vuoteen 1969 menness\u00e4 Espoon S\u00e4hk\u00f6 oli hankkinut omistukseensa Espoon alueella toimineet seitsem\u00e4n muuta s\u00e4hk\u00f6yhti\u00f6t\u00e4.<\/p>\n<p>Kirkkonummen S\u00e4hk\u00f6 Oy siirtyi Espoon S\u00e4hk\u00f6 Oy:n omistukseen vuonna 1975, Kauniaisten kaupungin verkosto vuonna 1981 ja Otaniemen s\u00e4hk\u00f6laitos vuonna 1990.<\/p>\n<p>Espoon S\u00e4hk\u00f6 Oy:n toimitusjohtajana toimi Veli Rautoja vuosina 1969 &#8211; 1993. H\u00e4nen johdollaan Espoon S\u00e4hk\u00f6 kasvoi maalaispit\u00e4j\u00e4n s\u00e4hk\u00f6laitoksesta Suomen suurimpien energiayritysten joukkoon, kun siihen yritysostoin ja fuusioin liitettiin Kirkkonummen s\u00e4hk\u00f6, Kauniaisten kaupungin s\u00e4hk\u00f6laitos, Tapiolan l\u00e4mp\u00f6 ja Otaniemen s\u00e4hk\u00f6laitos.<\/p>\n<h4>Kaukol\u00e4mp\u00f6 osaksi toimintaa<\/h4>\n<div style=\"width: 45%; float: right; margin: 0 0 5px 10px;\">\n<div style=\"width: 650px\" class=\"wp-caption alignright\"><img loading=\"lazy\" decoding=\"async\" class=\"size-full wp-image-735\" style=\"width: 100%;\" src=\"https:\/\/espoonperinneseura.net\/yritykset\/wp-content\/uploads\/2023\/04\/Suomenoja_power_plant_2014.jpg\" alt=\"\" width=\"640\" height=\"427\" \/><p class=\"wp-caption-text\">Suomenojan voimalaitos vuonna 2014. Kuva: Marko Knuutila, Wikipedia.<\/p><\/div>\n<\/div>\n<p>Suomen ensimm\u00e4inen vesikiertoon perustuva kaukol\u00e4mp\u00f6laitos otettiin k\u00e4ytt\u00f6\u00f6n Espoon Tapiolassa vuonna 1953.\u00a0Espoon kaukol\u00e4mp\u00f6verkko laajeni nopeasti 1960- ja 1970-luvuilla. Aluksi kaukol\u00e4mp\u00f6\u00e4 tuotettiin \u00f6ljyll\u00e4, mutta my\u00f6hemmin siirryttiin maakaasuun ja biopolttoaineisiin. T\u00e4ll\u00e4 hetkell\u00e4 Espoon kaukol\u00e4mp\u00f6 tuotetaan p\u00e4\u00e4asiassa bioenergialla, kuten puuhakkeella ja mets\u00e4teollisuuden sivutuotteilla.<\/p>\n<p>Espoon S\u00e4hk\u00f6 Oy rakensi Suomenojan voimalaitoksen 1970-luvulla. Voimalaitosyksik\u00f6ist\u00e4 vanhin oli 1977 valmistunut kivihiilt\u00e4 k\u00e4ytt\u00e4v\u00e4 vastapainevoimalaitos, joka tuotti s\u00e4hk\u00f6\u00e4 ja kaukol\u00e4mp\u00f6\u00e4. Vuonna 1989 laitoksen yhteyteen rakennettiin savukaasujen puhdistusta varten rikinpoistolaitos, jossa oli my\u00f6s s\u00e4hk\u00f6suodattimet. Voimalaitoksen toinen osa otettiin k\u00e4ytt\u00f6\u00f6n vuonna 1989 ja se k\u00e4ytt\u00e4\u00e4 polttoaineena maakaasua. Voimalaitoksen maakaasuk\u00e4ytt\u00f6inen kolmas osa otettiin k\u00e4ytt\u00f6\u00f6n vuonna 2009 ja se pienensi kivihiilell\u00e4 toimivan laitososan k\u00e4ytt\u00f6\u00e4 merkitt\u00e4v\u00e4sti.<\/p>\n<p>Voima\u00adlaitos tuottaa s\u00e4hk\u00f6n lis\u00e4ksi kauko\u00adl\u00e4mp\u00f6\u00e4 Espooseen, Kauniaisiin ja Kirkko\u00adnum\u00admelle.<\/p>\n<h4>Espoo luopuu energiayhti\u00f6st\u00e4\u00e4n<\/h4>\n<p>Vuosina 1980 &#8211; 2003 yhti\u00f6 toimi nimell\u00e4 Espoon S\u00e4hk\u00f6 Oyj.\u00a0Yhti\u00f6 oli Helsingin p\u00f6rssin p\u00e4\u00e4listalla 24.11.1994\u201313.9.2006.<\/p>\n<p>Espoon kaupunki myi energiayhti\u00f6ns\u00e4 useassa eri vaiheessa. Vuonna 2002 E.ON osti enemmist\u00f6n yhti\u00f6st\u00e4 ja nimeksi vaihtui seuraavana vuonna E.ON Finland Oyj. Vuonna 2006 Fortum osti kaikki E.ONin (66%) ja Espoon kaupungin omistamat osakkeet (34%). Viimeisen kolmanneksen myynnist\u00e4 saadut 364 miljoonaa euroa sijoitettiin peruspalvelujen ja maanhankinnan investointirahastoon vuonna 2006. Espoon S\u00e4hk\u00f6n myynti\u00e4 arvosteltiin voimakkaasti. Investointirahaston markkina-arvo oli syyskuun lopussa 2021 reilut 722 miljoonaa euroa.<\/p>\n<p>L\u00e4hteit\u00e4:<br \/>\nJukka Er\u00e4vuori: Energiavirtoja \/ Espoon S\u00e4hk\u00f6 Oy 75 vuotta<\/p>\n<p>&nbsp;<\/p>\n","protected":false},"excerpt":{"rendered":"<p>Esko Uotila Espoo alkoi s\u00e4hk\u00f6isty\u00e4 1900-luvun alussa Esbo Elektriska Aktiebolag perustettiin vuonna 1918. S\u00e4hk\u00f6 saatiin aluksi Helsingin Kaupungin S\u00e4hk\u00f6laitokselta Oy Gottfrid Str\u00f6mbergin myym\u00e4n\u00e4 Munkkiniemen ja Pit\u00e4j\u00e4nm\u00e4en kautta Lepp\u00e4vaaraan rakennetun s\u00e4hk\u00f6verkon kautta. Espoon S\u00e4hk\u00f6n historia kertoo Kilon kartanon saaneen s\u00e4hk\u00f6n jouluksi <span class=\"excerpt-dots\">&hellip;<\/span> <a class=\"more-link\" href=\"https:\/\/espoonperinneseura.net\/yritykset\/julkiset-yhtiot\/espoon-sahko\/\"><span class=\"more-msg\">Jatka lukemista &rarr;<\/span><\/a><\/p>\n","protected":false},"author":1,"featured_media":0,"parent":291,"menu_order":0,"comment_status":"closed","ping_status":"closed","template":"","meta":{"om_disable_all_campaigns":false,"_monsterinsights_skip_tracking":false,"_monsterinsights_sitenote_active":false,"_monsterinsights_sitenote_note":"","_monsterinsights_sitenote_category":0,"_uf_show_specific_survey":0,"_uf_disable_surveys":false,"footnotes":""},"class_list":["post-728","page","type-page","status-publish","hentry"],"aioseo_notices":[],"featured_image_src":null,"_links":{"self":[{"href":"https:\/\/espoonperinneseura.net\/yritykset\/wp-json\/wp\/v2\/pages\/728","targetHints":{"allow":["GET"]}}],"collection":[{"href":"https:\/\/espoonperinneseura.net\/yritykset\/wp-json\/wp\/v2\/pages"}],"about":[{"href":"https:\/\/espoonperinneseura.net\/yritykset\/wp-json\/wp\/v2\/types\/page"}],"author":[{"embeddable":true,"href":"https:\/\/espoonperinneseura.net\/yritykset\/wp-json\/wp\/v2\/users\/1"}],"replies":[{"embeddable":true,"href":"https:\/\/espoonperinneseura.net\/yritykset\/wp-json\/wp\/v2\/comments?post=728"}],"version-history":[{"count":14,"href":"https:\/\/espoonperinneseura.net\/yritykset\/wp-json\/wp\/v2\/pages\/728\/revisions"}],"predecessor-version":[{"id":1536,"href":"https:\/\/espoonperinneseura.net\/yritykset\/wp-json\/wp\/v2\/pages\/728\/revisions\/1536"}],"up":[{"embeddable":true,"href":"https:\/\/espoonperinneseura.net\/yritykset\/wp-json\/wp\/v2\/pages\/291"}],"wp:attachment":[{"href":"https:\/\/espoonperinneseura.net\/yritykset\/wp-json\/wp\/v2\/media?parent=728"}],"curies":[{"name":"wp","href":"https:\/\/api.w.org\/{rel}","templated":true}]}}