{"id":741,"date":"2023-03-10T17:40:52","date_gmt":"2023-03-10T15:40:52","guid":{"rendered":"https:\/\/espoonperinneseura.net\/yritykset\/?page_id=741"},"modified":"2023-04-20T15:49:01","modified_gmt":"2023-04-20T12:49:01","slug":"traskandan-kauppapuutarhan-kukkaloistoa","status":"publish","type":"page","link":"https:\/\/espoonperinneseura.net\/yritykset\/muita-yrityksia\/traskandan-kauppapuutarhan-kukkaloistoa\/","title":{"rendered":"Tr\u00e4sk\u00e4ndan Kauppapuutarhan kukkaloistoa"},"content":{"rendered":"<p><em>Esko Uotila ja Aapo Kirvesniemi<\/em><\/p>\n<p>Artikkeli perustuu Niclas ja Per-Erik Hallgrenin haastatteluun vuonna 2019.<\/p>\n<div id=\"attachment_743\" style=\"width: 1034px\" class=\"wp-caption alignnone\"><img loading=\"lazy\" decoding=\"async\" aria-describedby=\"caption-attachment-743\" class=\"size-large wp-image-743\" src=\"https:\/\/espoonperinneseura.net\/yritykset\/wp-content\/uploads\/2023\/03\/IMG_3115-Traskandan-puutarha-17.5.2019-1024x575.jpg\" alt=\"\" width=\"1024\" height=\"575\" srcset=\"https:\/\/espoonperinneseura.net\/yritykset\/wp-content\/uploads\/2023\/03\/IMG_3115-Traskandan-puutarha-17.5.2019-1024x575.jpg 1024w, https:\/\/espoonperinneseura.net\/yritykset\/wp-content\/uploads\/2023\/03\/IMG_3115-Traskandan-puutarha-17.5.2019-300x168.jpg 300w, https:\/\/espoonperinneseura.net\/yritykset\/wp-content\/uploads\/2023\/03\/IMG_3115-Traskandan-puutarha-17.5.2019-768x431.jpg 768w, https:\/\/espoonperinneseura.net\/yritykset\/wp-content\/uploads\/2023\/03\/IMG_3115-Traskandan-puutarha-17.5.2019-1536x862.jpg 1536w, https:\/\/espoonperinneseura.net\/yritykset\/wp-content\/uploads\/2023\/03\/IMG_3115-Traskandan-puutarha-17.5.2019-2048x1150.jpg 2048w\" sizes=\"auto, (max-width: 1024px) 100vw, 1024px\" \/><p id=\"caption-attachment-743\" class=\"wp-caption-text\">Tr\u00e4sk\u00e4ndan puutarhan kasvihuone. Esko Uotila 2019.<\/p><\/div>\n<p>Tr\u00e4sk\u00e4ndan Kauppapuutarha Oy on keskittynyt yksivuotisten ryhm\u00e4- ja koristekasvien, amaryllisten, hyasinttien ja tulppaanien viljelyyn. Espoossa on kaksi suurta kasvihuoneviljelyyn keskittyv\u00e4\u00e4 kauppapuutarhaa: Nissbackan ja Tr\u00e4sk\u00e4ndan puutarhat. Yritykset tekev\u00e4t yhteisty\u00f6t\u00e4. Muut puutarhurit l\u00e4hialueella ovat lopettaneet, mik\u00e4 vaikeuttaa kukkavalikoiman kasvattamista ostoilla tiettyihin tuotteisiin erikoistuneilta viljelij\u00f6ilt\u00e4.<\/p>\n<p>Emil Hallgren tuli puutarhuriksi Tr\u00e4sk\u00e4ndan kartanoon Adolf T\u00f6rngrenin aikana. H\u00e4n oli tullut Ruotsista Turkuun veljens\u00e4 puutarhatilalle. Oltuaan kaksi vuotta opettajana Tuorlan maatalous- ja puutarhaoppilaitoksessa h\u00e4n tuli Espooseen. Vuonna 1926 Espoon kunta osti kartanon ydinalueen rakennuksineen ja puistoineen. Kartanon it\u00e4puolella sijainneen kasvihuonealueen osti Tr\u00e4sk\u00e4ndan viimeisen\u00e4 ylipuutarhurina toiminut Emil Hallgren. H\u00e4n muutti hy\u00f6typuutarhan kauppapuutarhaksi vuonna 1926. Emil Hallgrenin poika jatkoi kauppapuutarhan toimintaa. H\u00e4n oli ollut kaksi vuotta Ruotsissa puutarhassa t\u00f6iss\u00e4. Vihanneksia viljeltiin viel\u00e4 sotien j\u00e4lkeen sek\u00e4 kasvihuoneissa ett\u00e4 avomaalla. Tuotteet toimitettiin tukkuun ja mm. Elannolle. Kukkia viljeltiin vihannesten ohella. Hallgrenilla oli kukkakauppa Etel\u00e4-Esplanadilla. Tuotteiden kuljetukseen tilalla oli oma kuorma-auto.<\/p>\n<p>Tilalla on maata noin viisi hehtaaria. Peltoja ei en\u00e4\u00e4 k\u00e4ytet\u00e4, vaan kaikki tuotteet kasvatetaan kasvihuoneissa. Aikaisemmin kasvihuoneiden multa valmistettiin tilalla sekoittamalla kompostien multa, vanha kasvihuonemulta ja lannoitteet yhteen. Multa h\u00f6yrytettiin ennen k\u00e4ytt\u00f6\u00e4 tuholaisten ja taudinaiheuttajien tuhoamiseksi. Nykyisin multa hankitaan valmiina s\u00e4kkitavarana. El\u00e4inper\u00e4isi\u00e4 lannoitteita ei k\u00e4ytet\u00e4.<\/p>\n<p>Tilan vesihuolto toimii suljettuna kiertona eik\u00e4 aiheuta p\u00e4\u00e4st\u00f6j\u00e4 l\u00e4heiseen vesist\u00f6\u00f6n. Kastelu tehd\u00e4\u00e4n k\u00e4sity\u00f6n\u00e4. Kasvihuoneet ovat liian pieni\u00e4, jotta kastelu kannattaisi automatisoida. Vesi saadaan omasta kaivosta.<\/p>\n<p>Maahantuotujen taimien mukana on joskus tullut mm. ripsi\u00e4isi\u00e4, joiden h\u00e4vitt\u00e4minen aiheuttaa paljon ty\u00f6t\u00e4. Nykyisin torjunta-aineita k\u00e4ytet\u00e4\u00e4n vain tarpeen mukaan ja aineet ovat aikaisempaa turvallisempia. Ennakoivia myrkytyksi\u00e4 ei en\u00e4\u00e4 tehd\u00e4. Tila muutettiin ensin kommandiittiyhti\u00f6ksi ja sitten osakeyhti\u00f6ksi mm. verotuksellisista syist\u00e4. Sukupolvenvaihdoksessa verotus on ollut ankaraa, vaikka tila onkin kaavoitettu puutarhak\u00e4ytt\u00f6\u00f6n ja puistoksi.<\/p>\n<p>Kauppapuutarhalla on asiakkaana noin 50 puutarhamyym\u00e4l\u00e4\u00e4 ja kukkakauppaa Uudellamaalla. Tuotanto ei riit\u00e4 marketketjujen vaatimien m\u00e4\u00e4rien toimittamiseen. Kukkia toimitetaan myyntipisteisiin viidell\u00e4 eri kokoisella autolla. Pahin kilpailija on kukkien tuonti rekoilla Hollannista ja siit\u00e4 aiheutuvat hintapaineet. T\u00e4m\u00e4 on p\u00e4\u00e4asiallinen syy monien puutarhojen toiminnan lopettamiseen. Viel\u00e4 vuonna 1991 Suomessa oli 400 tulppaaniviljelyst\u00e4. T\u00e4ll\u00e4 hetkell\u00e4 n\u00e4it\u00e4 on 40, joista nelj\u00e4 suurinta viljelee 80 prosenttia.<\/p>\n<p>Tr\u00e4sk\u00e4ndan puutarha ja sen perustamisvuosi 1885 tunnetaan asiakaspiiriss\u00e4 hyvin. Erityisesti Tr\u00e4sk\u00e4ndan tulppaanilla on vakiintunut kanta-asiakaskunta. Tulppaanit ja amaryllikset ostetaan sipuleina Hollannista ja Etel\u00e4-Afrikasta. Aikaisemmin kes\u00e4kukat kylvettiin osittain itse, mutta nyt ne tulevat pistokkaina Keski-Euroopasta. Kasvatuksessa on tarkka viikko-ohjelma, jonka mukaan kukat hoidetaan m\u00e4\u00e4r\u00e4tyiss\u00e4 l\u00e4mp\u00f6tiloissa. Tulppaaneja viljell\u00e4\u00e4n jopa 120 lajiketta. Pelargonioita on 30 erilaista ja muita kukkia kymmeni\u00e4 eri v\u00e4rej\u00e4 ja lajikkeita. Trendit vaihtelevat jonkin verran.<\/p>\n<div id=\"attachment_744\" style=\"width: 1034px\" class=\"wp-caption alignnone\"><img loading=\"lazy\" decoding=\"async\" aria-describedby=\"caption-attachment-744\" class=\"wp-image-744 size-large\" src=\"https:\/\/espoonperinneseura.net\/yritykset\/wp-content\/uploads\/2023\/03\/IMG_3126-Traskandan-puutarha-17.5.2019-1024x575.jpg\" alt=\"\" width=\"1024\" height=\"575\" srcset=\"https:\/\/espoonperinneseura.net\/yritykset\/wp-content\/uploads\/2023\/03\/IMG_3126-Traskandan-puutarha-17.5.2019-1024x575.jpg 1024w, https:\/\/espoonperinneseura.net\/yritykset\/wp-content\/uploads\/2023\/03\/IMG_3126-Traskandan-puutarha-17.5.2019-300x168.jpg 300w, https:\/\/espoonperinneseura.net\/yritykset\/wp-content\/uploads\/2023\/03\/IMG_3126-Traskandan-puutarha-17.5.2019-768x431.jpg 768w, https:\/\/espoonperinneseura.net\/yritykset\/wp-content\/uploads\/2023\/03\/IMG_3126-Traskandan-puutarha-17.5.2019-1536x862.jpg 1536w, https:\/\/espoonperinneseura.net\/yritykset\/wp-content\/uploads\/2023\/03\/IMG_3126-Traskandan-puutarha-17.5.2019-2048x1150.jpg 2048w\" sizes=\"auto, (max-width: 1024px) 100vw, 1024px\" \/><p id=\"caption-attachment-744\" class=\"wp-caption-text\">Tr\u00e4sk\u00e4ndan kasvihuoneita. Esko Uotila 2019.<\/p><\/div>\n<p>Vuosituotanto jakautuu ep\u00e4tasaisesti muutamiin sesonkeihin. Ty\u00f6m\u00e4\u00e4r\u00e4 jakautuu tasaisemmin ymp\u00e4ri vuoden. Juhannuksesta elokuun alkupuolelle viljelyss\u00e4 pidet\u00e4\u00e4n taukoa. Alkukes\u00e4n j\u00e4lkeen seuraava myyntisesonki on is\u00e4np\u00e4iv\u00e4n alla. Suomi 100 -juhlavuosi lis\u00e4si sinisten kukkien kysynt\u00e4\u00e4 ja valkoinen on ollut suosiossa muutaman vuoden.<\/p>\n<p>Kouluttautuminen puutarha-alalle tapahtuu nykyisin p\u00e4\u00e4osin k\u00e4yt\u00e4nn\u00f6n ty\u00f6ss\u00e4. Kokenutta henkil\u00f6kuntaa on hyvin vaikea l\u00f6yt\u00e4\u00e4. Puutarhoilla tehd\u00e4\u00e4n raskasta matalapalkkaista ty\u00f6t\u00e4, joka ei houkuttele nykyajan nuoria. Tr\u00e4sk\u00e4ndassa on hyvi\u00e4 kokemuksia maahanmuuttajataustaisista ty\u00f6ntekij\u00f6ist\u00e4. Kiireisen\u00e4 aikana puutarhassa tehd\u00e4\u00e4n 15-18-tuntisia ty\u00f6p\u00e4ivi\u00e4 seitsem\u00e4n\u00e4 p\u00e4iv\u00e4n\u00e4 viikossa. Ty\u00f6tunnit kirjataan tuntipankkiin, jonka avulla ty\u00f6aikaansa voi j\u00e4rjestell\u00e4. V\u00e4ke\u00e4 on kuusi vakinaista ja nelj\u00e4-kuusi sesonkity\u00f6ntekij\u00e4\u00e4.<\/p>\n<p>Puutarhuri Niclas Hallgrenin ty\u00f6m\u00e4\u00e4r\u00e4 on valtava. H\u00e4n pit\u00e4\u00e4 marraskuusta juhannukseen ehk\u00e4 puolikkaan vapaap\u00e4iv\u00e4n. Ty\u00f6p\u00e4iv\u00e4t jatkuvat aamuseitsem\u00e4st\u00e4 iltamy\u00f6h\u00e4\u00e4n. Yhteydenpito muihin viljelij\u00f6ihin on ollut v\u00e4h\u00e4ist\u00e4. Kauppapuutarhaliitto antaa arvokasta tietotaitoa ja ammattiapua ja ajaa kotimaisen l\u00e4hituotannon asiaa. EU-velvoitteita ei tilalla koeta kovin ty\u00f6l\u00e4iksi, vaikka pinta-ala- ja kasvitiedot pit\u00e4\u00e4kin raportoida s\u00e4\u00e4nn\u00f6llisesti. EU-tuki kasvihuoneviljelij\u00f6ille on alentunut jatkuvasti.<\/p>\n<p>Tilalle rakennettiin vuonna 2011 puupellettilaitos kasvihuoneiden l\u00e4mmitt\u00e4miseen. S\u00e4hk\u00f6\u00e4 k\u00e4ytet\u00e4\u00e4n valaistukseen suurpainenatriumlampuille. Ne tuottavat valon lis\u00e4ksi s\u00e4teilyl\u00e4mp\u00f6\u00e4 ja niiden hy\u00f6tysuhde on led-valaisimien veroinen. Puutarhaviljely on Hallgreneille el\u00e4m\u00e4ntapa, jota he haluavat jatkaa ja pit\u00e4\u00e4 ihmiset tyytyv\u00e4isin\u00e4 kukillaan.<\/p>\n<p>L\u00e4hde: Maija-Liisa Kaistila, Aapo Kirvesniemi, Pirkko Sillanp\u00e4\u00e4 ja Esko Uotila: Maatilojen Espoo. Espoon perinneseura 2020.<\/p>\n","protected":false},"excerpt":{"rendered":"<p>Esko Uotila ja Aapo Kirvesniemi Artikkeli perustuu Niclas ja Per-Erik Hallgrenin haastatteluun vuonna 2019. Tr\u00e4sk\u00e4ndan Kauppapuutarha Oy on keskittynyt yksivuotisten ryhm\u00e4- ja koristekasvien, amaryllisten, hyasinttien ja tulppaanien viljelyyn. Espoossa on kaksi suurta kasvihuoneviljelyyn keskittyv\u00e4\u00e4 kauppapuutarhaa: Nissbackan ja Tr\u00e4sk\u00e4ndan puutarhat. Yritykset <span class=\"excerpt-dots\">&hellip;<\/span> <a class=\"more-link\" href=\"https:\/\/espoonperinneseura.net\/yritykset\/muita-yrityksia\/traskandan-kauppapuutarhan-kukkaloistoa\/\"><span class=\"more-msg\">Jatka lukemista &rarr;<\/span><\/a><\/p>\n","protected":false},"author":1,"featured_media":0,"parent":324,"menu_order":0,"comment_status":"closed","ping_status":"closed","template":"","meta":{"om_disable_all_campaigns":false,"_monsterinsights_skip_tracking":false,"_monsterinsights_sitenote_active":false,"_monsterinsights_sitenote_note":"","_monsterinsights_sitenote_category":0,"_uf_show_specific_survey":0,"_uf_disable_surveys":false,"footnotes":""},"class_list":["post-741","page","type-page","status-publish","hentry"],"aioseo_notices":[],"featured_image_src":null,"_links":{"self":[{"href":"https:\/\/espoonperinneseura.net\/yritykset\/wp-json\/wp\/v2\/pages\/741","targetHints":{"allow":["GET"]}}],"collection":[{"href":"https:\/\/espoonperinneseura.net\/yritykset\/wp-json\/wp\/v2\/pages"}],"about":[{"href":"https:\/\/espoonperinneseura.net\/yritykset\/wp-json\/wp\/v2\/types\/page"}],"author":[{"embeddable":true,"href":"https:\/\/espoonperinneseura.net\/yritykset\/wp-json\/wp\/v2\/users\/1"}],"replies":[{"embeddable":true,"href":"https:\/\/espoonperinneseura.net\/yritykset\/wp-json\/wp\/v2\/comments?post=741"}],"version-history":[{"count":7,"href":"https:\/\/espoonperinneseura.net\/yritykset\/wp-json\/wp\/v2\/pages\/741\/revisions"}],"predecessor-version":[{"id":976,"href":"https:\/\/espoonperinneseura.net\/yritykset\/wp-json\/wp\/v2\/pages\/741\/revisions\/976"}],"up":[{"embeddable":true,"href":"https:\/\/espoonperinneseura.net\/yritykset\/wp-json\/wp\/v2\/pages\/324"}],"wp:attachment":[{"href":"https:\/\/espoonperinneseura.net\/yritykset\/wp-json\/wp\/v2\/media?parent=741"}],"curies":[{"name":"wp","href":"https:\/\/api.w.org\/{rel}","templated":true}]}}