{"id":776,"date":"2023-03-12T11:49:10","date_gmt":"2023-03-12T09:49:10","guid":{"rendered":"https:\/\/espoonperinneseura.net\/yritykset\/?page_id=776"},"modified":"2023-03-24T17:42:35","modified_gmt":"2023-03-24T15:42:35","slug":"espoon-vesi","status":"publish","type":"page","link":"https:\/\/espoonperinneseura.net\/yritykset\/julkiset-yhtiot\/espoon-vesi\/","title":{"rendered":"Espoon Vesi Oy"},"content":{"rendered":"<p><em>Esko Uotila<\/em><\/p>\n<h4>Vesihuollon alkuvaiheet<\/h4>\n<p>Espoon kunnallinen vesihuolto alkoi rakentua 1930-luvulla, kun Stensvikiin eli Kivenlahteen toteutettiin vesijohto. Westendiin rakennettiin yksityinen vesilaitos 1930-luvun lopulla. Helsingin kaupungin vesilaitos aloitti vedenjakelun Otaniemess\u00e4 vuonna 1951 ja Tapiolassa vuonna 1953. Valtio oli ostanut Otaniemen kartanon alueen Teknillisen korkeakoulun ja VTT:n kampusalueeksi. Teekkarikyl\u00e4 toimi 1952 olympialaisten kisakyl\u00e4n\u00e4. Tapiolan puutarhakaupunki oli Espoon ensimm\u00e4inen kaupunkimainen ymp\u00e4rist\u00f6, ja tarvitsi toimivan vesihuollon.<\/p>\n<p>Espoon Vesihuolto Oy perustettiin vuonna 1957. Yhti\u00f6n teht\u00e4v\u00e4n\u00e4 oli rakentaa ja hoitaa Espoon vesihuoltoa ja viem\u00e4r\u00f6inti\u00e4. Espoon kunta hankki osake-enemmist\u00f6n vuonna 1959. Vuonna 1962 Westendin vesilaitos siirtyi yhti\u00f6lle.<\/p>\n<p>Espoon it\u00e4isten alueiden vesihuoltosuunnitelma Lepp\u00e4vaaran ja Tapiolan seuduille hyv\u00e4ksyttiin jo vuonna 1956. Ensimm\u00e4isin\u00e4 toimintavuosina rakennettiin vedenk\u00e4sittelylaitos Bodomj\u00e4rvelle.\u00a0 Tapiolassa Bodomilta tulevat vesijohdot yhdistettiin Helsingin kaupungin verkostoon. Brinkinm\u00e4ess\u00e4 oli vedenottamo Kauklahden tarpeisiin. Vuonna 1963 my\u00f6s Bolarskogissa, Niittyl\u00e4ss\u00e4 ja Viherlaaksossa oli vedenottamot. Viem\u00e4riverkoston p\u00e4\u00e4viem\u00e4ri kulki Lepp\u00e4vaarasta Tapiolan kautta Finnoon j\u00e4tevedenpuhdistamoon. Yhti\u00f6ss\u00e4 oli 1963 noin 80 vakinaista ty\u00f6ntekij\u00e4\u00e4 ja ty\u00f6njohtajan palkkaamia kaivuuty\u00f6miehi\u00e4 tarpeen mukaan 20 &#8211; 300.<\/p>\n<div style=\"float: right; width: 35%; min-width: 150px; max-width: 400px;\">\n<p style=\"margin: 0;\"><img loading=\"lazy\" decoding=\"async\" class=\"wp-image-830 size-full\" style=\"width: 100%; margin: 0 10px;\" src=\"https:\/\/espoonperinneseura.net\/yritykset\/wp-content\/uploads\/2023\/03\/Haukilahden-vesitorni.jpg\" alt=\"\" width=\"799\" height=\"800\" srcset=\"https:\/\/espoonperinneseura.net\/yritykset\/wp-content\/uploads\/2023\/03\/Haukilahden-vesitorni.jpg 799w, https:\/\/espoonperinneseura.net\/yritykset\/wp-content\/uploads\/2023\/03\/Haukilahden-vesitorni-300x300.jpg 300w, https:\/\/espoonperinneseura.net\/yritykset\/wp-content\/uploads\/2023\/03\/Haukilahden-vesitorni-150x150.jpg 150w, https:\/\/espoonperinneseura.net\/yritykset\/wp-content\/uploads\/2023\/03\/Haukilahden-vesitorni-768x769.jpg 768w\" sizes=\"auto, (max-width: 799px) 100vw, 799px\" \/><\/p>\n<p style=\"width: 100%; font-family: Arial, Helvetica, sans-serif; font-size: 85%; margin: 0; text-align: center;\">Haukilahden vesitorni. Kuva: Teuvo Kanerva 1968-1983, KAMU Espoon kaupunginmuseo.<\/p>\n<\/div>\n<p>Bodomj\u00e4rven vedenk\u00e4sittelylaitos aloitti toimintansa vuonna 1961 ja suljettiin vuonna 1998. Bodomj\u00e4rven rehev\u00f6ityminen vaati jatkuvaa seurantaa ja toimenpiteit\u00e4 j\u00e4rvell\u00e4 ja vedenk\u00e4sittelyss\u00e4. D\u00e4mmanin vesilaitos Gumb\u00f6less\u00e4 otettiin k\u00e4ytt\u00f6\u00f6n vuonna 1967.\u00a0 Vesi johdettiin Nuuksion Pitk\u00e4j\u00e4rvest\u00e4 Gumb\u00f6len jokea pitkin D\u00e4mmanin tekoj\u00e4rveen ja siit\u00e4 vedenk\u00e4sittelylaitokseen. Sen jakelualue k\u00e4sitti Etel\u00e4-Espoon. Laitoksen k\u00e4yt\u00f6st\u00e4 luovuttiin vuonna 2016. My\u00f6s D\u00e4mmanissa tehtiin aktiivisesti tutkimusta ja kehitettiin vedenk\u00e4sittely\u00e4 kekseli\u00e4\u00e4sti.<\/p>\n<p>Espoon vesilaitoksen ensimm\u00e4inen vesitorni valmistui Kauniaisiin vuonna 1964. Haukilahden vesitorni valmistui 1968 ja Otaniemen vesitorni vuonna 1971. Haukilahden vesitornissa toimii perinteik\u00e4s n\u00e4k\u00f6alaravintola Haikaranpes\u00e4.<\/p>\n<p>Espoon Vesihuolto Oy luovutti omaisuutensa ja velkansa kauppalalle, ja vesilaitosten toiminta kunnallistettiin 13.1.1965. Toimintaa jatkettiin Kauppalan vesilaitoksen nimiss\u00e4. Yhti\u00f6ss\u00e4 paljastui 1966 suuria taloudellisia v\u00e4\u00e4rink\u00e4yt\u00f6ksi\u00e4. 1984 pienosakkaat olivat tyytym\u00e4tt\u00f6mi\u00e4 kaupungin toimintaan heit\u00e4 kohtaan. Vuonna 1986 yhti\u00f6 lakkautettiin. Yhti\u00f6ll\u00e4 ei ollut ollut toimintaa moneen vuoteen.<\/p>\n<p>Vesilaitos ja viem\u00e4rilaitos yhdistyiv\u00e4t vuonna 1974 teknisen viraston yhteyteen.<\/p>\n<h4>J\u00e4tevedenk\u00e4sittely keskitettiin Suomenojalle<\/h4>\n<p>Viel\u00e4 1960-luvulla Espoossa oli useita j\u00e4tevedenpuhdistamoita, muun muassa Tapiolassa, L\u00e4hderannassa, Niittyl\u00e4ss\u00e4 ja Viherlaaksossa. Lepp\u00e4vaaran lammikkopuhdistamon Iso Huopalahdessa oli k\u00e4yt\u00f6ss\u00e4 vuodesta 1960 vuoteen 1972. V\u00e4hitellen j\u00e4tevedenpuhdistus keskitettiin Suomenojalle, jonne rakennettiin ensimm\u00e4inen puhdistamo 1960-luvun alussa. Se oli lammikkopuhdistamo, joka on nykyisin tunnetaan Suomenojan lintualtaana. Vuonna 1963 rakennettiin purkuputki merelle, ja rinnakkainen nelj\u00e4n kilometrin Bod\u00e5n sel\u00e4lle ulottuva putki valmistui 1967.<\/p>\n<p>Suomenojan puhdistamon prosesseja kehitettiin jatkuvasti. Mekaaninen puhdistamo valmistui 1969, ja se oli Espoon kauppalan siihen asti suurin yksitt\u00e4inen rakennushanke. Kemiallinen puhdistus aloitettiin Suomenojalla vuonna 1975. Biologinen puhdistamo k\u00e4ynnistettiin vuonna 1981. Laitoksen automaatiota kehitettiin jatkuvasti. Vuonna 1992 valmistui ajanmukainen automaatioj\u00e4rjestelm\u00e4, jolla puhdistamoa saatiin ohjattua tehokkaasti, parannettua k\u00e4sittelyn laatua ja v\u00e4hennetty\u00e4 toimintah\u00e4iri\u00f6it\u00e4. Vuonna 1997 otettiin k\u00e4ytt\u00f6\u00f6n edistyksellinen typenpoistolaitos.<\/p>\n<p>Viem\u00e4riverkostoa laajennettiin nopeasti 1960-luvulta alkaen. Vaiheittain my\u00f6s Vantaan l\u00e4nsiosien, Kauniaisten ja Kirkkonummen j\u00e4tevesi\u00e4 alettiin johtaa Suomenojan puhdistamolle.<\/p>\n<p>J\u00e4tevedet johdettiin vuodesta 1975 alkaen 7,5 kilometrin pituisessa kalliotunnelissa G\u00e5sgrundetin saaren edustalle.<\/p>\n<h4>P\u00e4ij\u00e4nnetunneli<\/h4>\n<div style=\"float: right; width: 35%; min-width: 150px; max-width: 400px;\">\n<p style=\"margin: 0;\"><img loading=\"lazy\" decoding=\"async\" class=\"wp-image-830 size-full\" style=\"width: 100%; margin: 0 10px;\" src=\"https:\/\/espoonperinneseura.net\/yritykset\/wp-content\/uploads\/2023\/03\/paijannetunneli.jpg\" alt=\"\" width=\"409\" height=\"269\" \/><\/p>\n<p style=\"width: 100%; font-family: Arial, Helvetica, sans-serif; font-size: 85%; margin: 0; text-align: center;\">P\u00e4ij\u00e4nnetunneli. Kuva: P\u00e4\u00e4kaupunkiseudun Vesi Oy.<\/p>\n<\/div>\n<p>Espoon kauppala liittyi vuonna 1965 yhdess\u00e4 Helsingin maalaiskunnan kanssa Helsingin kaupungin raakavesiohjelmaan. Pitk\u00e4n t\u00e4ht\u00e4imen tavoitteeksi asetettiin raakaveden johtamista P\u00e4ij\u00e4nteest\u00e4. Kuntien yhteistoimintasopimus allekirjoitettiin 1970. Vuonna 1972 perustettiin P\u00e4\u00e4kaupunkiseudun Vesi Oy. Siihen liittyiv\u00e4t Helsingin, Espoon, Kauniaisten ja Vantaan lis\u00e4ksi Hyvink\u00e4\u00e4, Sipoo, Nurmij\u00e4rvi, Porvoon maalaiskunta sek\u00e4 Tuusulan, J\u00e4rvenp\u00e4\u00e4n ja Keravan kuntainliitto sek\u00e4 Alko. Kirkkonummi liittyi yhti\u00f6\u00f6n seuraavana vuonna.<\/p>\n<p>P\u00e4ij\u00e4nnetunnelin rakentaminen alkoi joulukuussa 1973 ja valmistui kokonaisuudessaan vuonna 1982. Tunneli on maailman pisin kalliotunneli pituudeltaan 120 km. P\u00e4ij\u00e4nnetunneli kulkee 30\u2013100 metrin syvyydell\u00e4 maan pinnasta ja sen poikkipinta-ala on 16 neli\u00f6metri\u00e4. Tunnelin etel\u00e4osa peruskorjattiin vuonna 2008 huhti-joulukuussa, jolloin p\u00e4\u00e4kaupunkiseudun vesi otettiin Vantaanjoesta.<\/p>\n<h4>Kohti 2000-lukua<\/h4>\n<p>Espoon kaupungin vesi- ja viem\u00e4rilaitoksesta tehtiin itsen\u00e4inen kaupungin liikelaitos vuoden 1995 alusta alkaen. Vuoden 1999 alusta liikelaitoksen nimeksi tuli Espoon Vesi. Sen ulkopuolella toimi lukuisia pieni\u00e4 laitoksia. Viel\u00e4 vuonna 2003 Espoossa toimi Suomenojan lis\u00e4ksi 15 j\u00e4tevedenpuhdistamoa ja D\u00e4mmanin vedenk\u00e4sittelylaitoksen lis\u00e4ksi 31 vedenottamoa.<\/p>\n<p>Espoonlahden vesitorni valmistui vuonna 1995 Sammalvuoren kupeeseen.<\/p>\n<p>Vuonna 2005 Espoon Veden verkostoon pumpatusta vedest\u00e4 70 prosenttia oli per\u00e4isin P\u00e4ij\u00e4nnetunnelista ja 30 prosenttia D\u00e4mmanin pintavesilaitoksella k\u00e4sitelty\u00e4 Nuuksion Pitk\u00e4j\u00e4rven vett\u00e4.<\/p>\n<p>Vuodesta 2010 l\u00e4htien Espoon ja koko p\u00e4\u00e4kaupunkiseudun vesihuollosta on huolehtinut Helsingin seudun ymp\u00e4rist\u00f6palvelut HSY. P\u00e4\u00e4kaupunkiseudulle vesijohtovedet tulevat nyky\u00e4\u00e4n P\u00e4ij\u00e4nnetunnelista.<\/p>\n<h4>Suomenojan puhdistamon toiminta p\u00e4\u00e4ttyi<\/h4>\n<p>Uusi Blominm\u00e4en puhdistamo aloitti toimintansa vuoden 2022 lopulla. Suomenojan puhdistamon k\u00e4ytt\u00f6 p\u00e4\u00e4ttyi tammikuussa 2023. Puhdistamon purkaminen alkaa mahdollisesti jo vuoden 2023 aikana. HSY on ilmoittanut lahjoittavansa Suomenojan k\u00e4yt\u00f6st\u00e4 poistettuja j\u00e4tevedenpuhdistukseen k\u00e4ytett\u00e4vi\u00e4 laitteita Ukrainaan.<\/p>\n<p>Vuonna 1974 valmistunut purkutunneli on edelleen k\u00e4yt\u00f6ss\u00e4. Nyt sit\u00e4 pitkin virtaavat Blominm\u00e4en puhdistamolta tulevat vedet G\u00e5sgrundetin saaren edustalle.<\/p>\n<p>&nbsp;<\/p>\n<p>L\u00e4hteet:<\/p>\n<p><a href=\"https:\/\/trepo.tuni.fi\/handle\/10024\/65693\" target=\"_blank\" rel=\"noopener\">Veden Vuosisata &#8211; Espoon vesihuolto 1930-luvulta 2000-luvulle<\/a>, Juuti Petri ja Rajala Riikka. Tampereen Yliopiston verkkojulkaisut, 2007.<\/p>\n<p><a href=\"https:\/\/www.hs.fi\/kaupunki\/espoo\/art-2000009361955.html\">K\u00e4yt\u00f6st\u00e4 poistetun Suomenojan j\u00e4tevedenpuhdistamon purku saattaa alkaa jo loppuvuodesta &#8211; Espoo | HS.fi<\/a><\/p>\n","protected":false},"excerpt":{"rendered":"<p>Esko Uotila Vesihuollon alkuvaiheet Espoon kunnallinen vesihuolto alkoi rakentua 1930-luvulla, kun Stensvikiin eli Kivenlahteen toteutettiin vesijohto. Westendiin rakennettiin yksityinen vesilaitos 1930-luvun lopulla. Helsingin kaupungin vesilaitos aloitti vedenjakelun Otaniemess\u00e4 vuonna 1951 ja Tapiolassa vuonna 1953. Valtio oli ostanut Otaniemen kartanon alueen <span class=\"excerpt-dots\">&hellip;<\/span> <a class=\"more-link\" href=\"https:\/\/espoonperinneseura.net\/yritykset\/julkiset-yhtiot\/espoon-vesi\/\"><span class=\"more-msg\">Jatka lukemista &rarr;<\/span><\/a><\/p>\n","protected":false},"author":1,"featured_media":0,"parent":291,"menu_order":0,"comment_status":"closed","ping_status":"closed","template":"","meta":{"om_disable_all_campaigns":false,"_monsterinsights_skip_tracking":false,"_monsterinsights_sitenote_active":false,"_monsterinsights_sitenote_note":"","_monsterinsights_sitenote_category":0,"_uf_show_specific_survey":0,"_uf_disable_surveys":false,"footnotes":""},"class_list":["post-776","page","type-page","status-publish","hentry"],"aioseo_notices":[],"featured_image_src":null,"_links":{"self":[{"href":"https:\/\/espoonperinneseura.net\/yritykset\/wp-json\/wp\/v2\/pages\/776","targetHints":{"allow":["GET"]}}],"collection":[{"href":"https:\/\/espoonperinneseura.net\/yritykset\/wp-json\/wp\/v2\/pages"}],"about":[{"href":"https:\/\/espoonperinneseura.net\/yritykset\/wp-json\/wp\/v2\/types\/page"}],"author":[{"embeddable":true,"href":"https:\/\/espoonperinneseura.net\/yritykset\/wp-json\/wp\/v2\/users\/1"}],"replies":[{"embeddable":true,"href":"https:\/\/espoonperinneseura.net\/yritykset\/wp-json\/wp\/v2\/comments?post=776"}],"version-history":[{"count":21,"href":"https:\/\/espoonperinneseura.net\/yritykset\/wp-json\/wp\/v2\/pages\/776\/revisions"}],"predecessor-version":[{"id":896,"href":"https:\/\/espoonperinneseura.net\/yritykset\/wp-json\/wp\/v2\/pages\/776\/revisions\/896"}],"up":[{"embeddable":true,"href":"https:\/\/espoonperinneseura.net\/yritykset\/wp-json\/wp\/v2\/pages\/291"}],"wp:attachment":[{"href":"https:\/\/espoonperinneseura.net\/yritykset\/wp-json\/wp\/v2\/media?parent=776"}],"curies":[{"name":"wp","href":"https:\/\/api.w.org\/{rel}","templated":true}]}}