{"id":841,"date":"2023-03-20T20:02:58","date_gmt":"2023-03-20T18:02:58","guid":{"rendered":"https:\/\/espoonperinneseura.net\/yritykset\/?page_id=841"},"modified":"2023-04-11T11:13:29","modified_gmt":"2023-04-11T08:13:29","slug":"hotelli-korpilampi","status":"publish","type":"page","link":"https:\/\/espoonperinneseura.net\/yritykset\/kauppa-ja-palvelut\/hotelli-korpilampi\/","title":{"rendered":"Hotelli Korpilampi"},"content":{"rendered":"<p><em>Martti Hellstr\u00f6m<\/em><\/p>\n<p>Hotelli Korpilampi sijaitsee Espoon Lahnuksessa keskell\u00e4 mets\u00e4\u00e4. Se oli ensimm\u00e4inen ns. korpihotelli p\u00e4\u00e4kaupunkiseudulla. Arkkitehtien Martti ja Anna-Maija Jaatinen suunnittelema hotelli valmistui vuonna 1977. Hotellissa on yhteens\u00e4 156-162 huonetta, 17 kokoustilaa, joista suurimpaan auditorioon mahtuu 300 vierasta. Lis\u00e4ksi hotellissa on kylpyl\u00e4, kuntosali ja tekolampi. Hotelli Korpilampi rakennettiin tarjoamaan Finnjetin tuomille ulkomaisille turistelle korpimaisia el\u00e4myksi\u00e4<br \/>\np\u00e4\u00e4kaupunkiseudun kyljess\u00e4.<\/p>\n<div style=\"float: left; width: 50%; min-width: 300px; margin: 0 10px 0 0;\">\n<p style=\"margin: 0 0 0px 0;\"><img loading=\"lazy\" decoding=\"async\" class=\"alignnone size-large\" style=\"width: 100%; margin: 0 0px 0 0;\" src=\"https:\/\/espoonperinneseura.net\/yritykset\/wp-content\/uploads\/2023\/03\/Korpilampi_paaovi.jpg\" alt=\"\" width=\"1024\" height=\"577\" \/><\/p>\n<p style=\"width: 100%; font-family: Arial, Helvetica, sans-serif; font-size: 85%; margin: 0 0 10px 0; text-align: center;\">Korpilammen p\u00e4\u00e4ovet. Kuva:Wikimedia.<\/p>\n<\/div>\n<div style=\"float: left; width: 37.565%; min-width: 300px; margin: 0;\">\n<p style=\"margin: 0 0 0px 0;\"><img loading=\"lazy\" decoding=\"async\" class=\"alignnone size-large\" style=\"width: 100%; margin: 0 0px;\" src=\"https:\/\/espoonperinneseura.net\/yritykset\/wp-content\/uploads\/2023\/03\/Korpilampi-1024x768.jpg\" alt=\"\" width=\"1024\" height=\"768\" \/><\/p>\n<p style=\"width: 100%; font-family: Arial, Helvetica, sans-serif; font-size: 85%; margin: 0 0 10px 0; text-align: center;\">Korpilammen auditorio<\/p>\n<\/div>\n<div style=\"clear: both;\"><\/div>\n<p>Heti saman vuonna hotelli tuli kansainv\u00e4lisestikin tunnetuksi, kun p\u00e4\u00e4ministeri Kalevi Sorsa j\u00e4rjesti siell\u00e4 kuuluisan Korpilampi-seminaarin, joka oli talouspoliittinen seminaari. Paikalle oli kutsuttu Suomen poliittisten puolueiden, etuj\u00e4rjest\u00f6jen ja\u00a0 elinkeinoel\u00e4m\u00e4n eliitti. Sorsan hallitus oli laatinut elvytyspaketin, jonka taakse oli saatava laaja yhteisymma\u0308rrys. Tuossa kokouksessa syntyikin t\u00e4rke\u00e4 poliittinen konsensus Suomen tulevasta talouspolitiikasta.<\/p>\n<p>Vuonna 1989 hotellin viereen avattiin pohjoismaiden suurin ymp\u00e4rivuotinen vesipuisto Serena, ja hotellista alettiin k\u00e4ytt\u00e4\u00e4 nime\u00e4 Serena Korpilampi.<\/p>\n<p>Samoihin aihoihin valmistui vesipuiston viereen my\u00f6s laskettelukeskus Serena Ski. Hotelli Korpilammen ensimm\u00e4inen omistaja HOK kyll\u00e4styi sen kannattamattomuuteen ja myi sen 40 miljoonalla markalla vuonna 1982 Lomaliitolle. Lomaliitto oli ammattiyhdistysliikkeen j\u00e4rjest\u00f6jen omistama, tuettua lomatoimintaa j\u00e4rjest\u00e4v\u00e4 organisaatio. Lomaliittokaan ei saanut Korpilampea kunnolla kannattavaksi, ja ajautui vuonna 2009 konkurssiin.<\/p>\n<p>Hotelli oli Lomaliiton konkurssin j\u00e4lkeen suljettuna 1,5 vuotta kunnes ruotsalais-norjalainen hotellikiinteist\u00f6j\u00e4tti Pandox osti hotellin ja kunnosti sit\u00e4 isolla rahalla. Yli 45-vuotias nelj\u00e4n t\u00e4hden hotelli Korpilampi on edelleen suosittu kokous- ja tapahtumapaikka. Tarjolla vieraille on majoituksen ja ravintolapalveluiden lis\u00e4ksi mm. viihdett\u00e4 ja hemmotteluhoitoja.<\/p>\n<div style=\"float: left; width: 88%; min-width: 300px; margin: 0 10px 0 0;\">\n<p style=\"margin: 0 0 0px 0;\"><img loading=\"lazy\" decoding=\"async\" style=\"width: 100%; margin: 0 0px 0 0;\" src=\"https:\/\/espoonperinneseura.net\/yritykset\/wp-content\/uploads\/2023\/03\/Vesipuisto-Serena.jpg\" alt=\"\" width=\"800\" height=\"521\" \/><\/p>\n<p style=\"width: 100%; font-family: Arial, Helvetica, sans-serif; font-size: 85%; margin: 0 0 10px 0; text-align: center;\">Vesipuisto Serena. Kuva: Eero Laamanen 1991, Espoon kaupunginmuseo.<\/p>\n<\/div>\n<p>&nbsp;<\/p>\n","protected":false},"excerpt":{"rendered":"<p>Martti Hellstr\u00f6m Hotelli Korpilampi sijaitsee Espoon Lahnuksessa keskell\u00e4 mets\u00e4\u00e4. Se oli ensimm\u00e4inen ns. korpihotelli p\u00e4\u00e4kaupunkiseudulla. Arkkitehtien Martti ja Anna-Maija Jaatinen suunnittelema hotelli valmistui vuonna 1977. Hotellissa on yhteens\u00e4 156-162 huonetta, 17 kokoustilaa, joista suurimpaan auditorioon mahtuu 300 vierasta. Lis\u00e4ksi hotellissa <span class=\"excerpt-dots\">&hellip;<\/span> <a class=\"more-link\" href=\"https:\/\/espoonperinneseura.net\/yritykset\/kauppa-ja-palvelut\/hotelli-korpilampi\/\"><span class=\"more-msg\">Jatka lukemista &rarr;<\/span><\/a><\/p>\n","protected":false},"author":1,"featured_media":0,"parent":236,"menu_order":0,"comment_status":"closed","ping_status":"closed","template":"","meta":{"om_disable_all_campaigns":false,"_monsterinsights_skip_tracking":false,"_monsterinsights_sitenote_active":false,"_monsterinsights_sitenote_note":"","_monsterinsights_sitenote_category":0,"_uf_show_specific_survey":0,"_uf_disable_surveys":false,"footnotes":""},"class_list":["post-841","page","type-page","status-publish","hentry"],"aioseo_notices":[],"featured_image_src":null,"_links":{"self":[{"href":"https:\/\/espoonperinneseura.net\/yritykset\/wp-json\/wp\/v2\/pages\/841","targetHints":{"allow":["GET"]}}],"collection":[{"href":"https:\/\/espoonperinneseura.net\/yritykset\/wp-json\/wp\/v2\/pages"}],"about":[{"href":"https:\/\/espoonperinneseura.net\/yritykset\/wp-json\/wp\/v2\/types\/page"}],"author":[{"embeddable":true,"href":"https:\/\/espoonperinneseura.net\/yritykset\/wp-json\/wp\/v2\/users\/1"}],"replies":[{"embeddable":true,"href":"https:\/\/espoonperinneseura.net\/yritykset\/wp-json\/wp\/v2\/comments?post=841"}],"version-history":[{"count":18,"href":"https:\/\/espoonperinneseura.net\/yritykset\/wp-json\/wp\/v2\/pages\/841\/revisions"}],"predecessor-version":[{"id":902,"href":"https:\/\/espoonperinneseura.net\/yritykset\/wp-json\/wp\/v2\/pages\/841\/revisions\/902"}],"up":[{"embeddable":true,"href":"https:\/\/espoonperinneseura.net\/yritykset\/wp-json\/wp\/v2\/pages\/236"}],"wp:attachment":[{"href":"https:\/\/espoonperinneseura.net\/yritykset\/wp-json\/wp\/v2\/media?parent=841"}],"curies":[{"name":"wp","href":"https:\/\/api.w.org\/{rel}","templated":true}]}}