{"id":883,"date":"2023-03-23T09:13:40","date_gmt":"2023-03-23T07:13:40","guid":{"rendered":"https:\/\/espoonperinneseura.net\/yritykset\/?page_id=883"},"modified":"2023-03-23T11:33:35","modified_gmt":"2023-03-23T09:33:35","slug":"tutkimustoimintaa-otaniemessa","status":"publish","type":"page","link":"https:\/\/espoonperinneseura.net\/yritykset\/yrittajyys\/tutkimustoimintaa-otaniemessa\/","title":{"rendered":"Tutkimus- ja kehitystoimintaa Otaniemess\u00e4"},"content":{"rendered":"<p><em>Esko Uotila<\/em><\/p>\n<p>Otaniemi tarjoaa monenlaisia palveluja yrityksille ja yhteis\u00f6ille, jotka haluavat hy\u00f6dynt\u00e4\u00e4 alueen osaamista, verkostoja ja tiloja.\u00a0Business Espoo on palvelukokonaisuus, joka auttaa yrityksi\u00e4 perustamisesta kasvuun ja kansainv\u00e4listymiseen. Business Espoo toimii A Gridiss\u00e4, joka on Aalto-yliopiston kampuksella sijaitseva startup-keskus.\u00a0Smart Otaniemi on \u00e4lykaupunkien kehitt\u00e4misen alusta, joka yhdist\u00e4\u00e4 yrityksi\u00e4, kaupunkia ja tutkimusorganisaatioita. Smart Otaniemi tarjoaa mahdollisuuksia yhteiskehitt\u00e4miseen ja innovointiin kest\u00e4vien ja kaupallisesti menestyvien ratkaisujen luomiseksi.<\/p>\n<p>Otaniemess\u00e4 sijaitsee Aalto-yliopiston kampuksen lis\u00e4ksi useita tutkimuslaitoksia ja yrityksi\u00e4, jotka harjoittavat monipuolista tutkimus- ja kehitystoimintaa eri aloilla.<\/p>\n<p>Aalto-yliopistossa tehd\u00e4\u00e4n tutkimusta muun muassa teknillisiss\u00e4 tieteiss\u00e4, tietotekniikassa, kauppatieteiss\u00e4 ja taiteissa. Lis\u00e4ksi yliopistolla on vahvaa osaamista esimerkiksi materiaali- ja ymp\u00e4rist\u00f6tieteiss\u00e4 sek\u00e4 energiateknologiassa. Otaniemess\u00e4 sijaitsee monia muita tutkimuslaitoksia, kuten VTT, joka on Suomen johtava tutkimus- ja teknologiakeskus. VTT:ll\u00e4 tehd\u00e4\u00e4n tutkimusta muun muassa teknologia-alalla, ymp\u00e4rist\u00f6tieteiss\u00e4 ja biotieteiss\u00e4.<\/p>\n<p>Otaniemess\u00e4 teht\u00e4v\u00e4n tutkimus- ja kehitystoiminnan fokus on usein teknologian kehitt\u00e4misess\u00e4 ja innovaatioiden luomisessa, ja tavoitteena on tukea yrityksi\u00e4 menestym\u00e4\u00e4n kansainv\u00e4lisesti.<\/p>\n<h4>Teknillinen korkeakoulu ja Aalto-yliopisto<\/h4>\n<p>Teknillinen korkeakoulu, joka on nykyisin osa Aalto-yliopistoa, on ollut merkitt\u00e4v\u00e4 tekij\u00e4 yritystoiminnan kehittymisess\u00e4 Suomessa. TKK:n alueella Otaniemess\u00e4 on syntynyt ja kehittynyt lukuisia yrityksi\u00e4, jotka ovat kasvaneet merkitt\u00e4viksi toimijoiksi omilla aloillaan.<\/p>\n<p>Aalto-yliopiston ymp\u00e4rille on muodostunut vahva innovaatioekosysteemi, jossa yliopisto, yritykset ja julkishallinto toimivat yhteisty\u00f6ss\u00e4. Yliopistolla on t\u00e4rke\u00e4 rooli uuden teknologian kehitt\u00e4misess\u00e4 ja kaupallistamisessa. Yliopistolla on my\u00f6s merkitt\u00e4v\u00e4 rooli teknologisten startup-yritysten synnytt\u00e4misess\u00e4 ja tukemisessa.<\/p>\n<p>Otaniemen teknologiakyl\u00e4 tarjoaa yrityksille edullisia toimitiloja ja muuta infrastruktuuria, mik\u00e4 on houkutellut alueelle lukuisia yrityksi\u00e4. Yliopisto tarjoaa yrityksille\u00a0mahdollisuuden my\u00f6s rekrytoida osaavia ja motivoituneita ty\u00f6ntekij\u00f6it\u00e4, joilla on korkeatasoinen koulutus ja osaaminen.<\/p>\n<p>Yliopisto tarjoaa yrityksille mahdollisuuden tehd\u00e4 yhteisty\u00f6t\u00e4 opiskelijoiden ja tutkijoiden kanssa, mik\u00e4 on auttanut yrityksi\u00e4 l\u00f6yt\u00e4m\u00e4\u00e4n uusia ratkaisuja ongelmiin ja kehitt\u00e4m\u00e4\u00e4n uusia tuotteita ja palveluita. Se on mukana monissa tutkimusprojekteissa yhdess\u00e4 yritysten kanssa, mik\u00e4 on tuonut uutta tietoa ja osaamista niin yliopistolle kuin yrityksillekin.<\/p>\n<p>Aalto-yliopiston ja aiemmin TKK:n merkitys yritystoiminnan kehittymisess\u00e4 on eritt\u00e4in merkitt\u00e4v\u00e4. Otaniemess\u00e4 on syntynyt monia menestyvi\u00e4 yrityksi\u00e4, ja yliopisto on tarjonnut yrityksille t\u00e4rkeit\u00e4 resursseja, osaamista ja yhteisty\u00f6mahdollisuuksia.<\/p>\n<h4>VTT<\/h4>\n<p>VTT eli Teknologian tutkimuskeskus VTT Oy on ollut t\u00e4rke\u00e4 toimija Otaniemen ja Espoon alueen yritystoiminnalle jo useiden vuosikymmenten ajan. VTT on suomalainen tutkimus- ja teknologiaorganisaatio, jonka teht\u00e4v\u00e4n\u00e4 on tuottaa tutkimus- ja kehityspalveluja sek\u00e4 teknologian siirtoa teollisuuden ja yhteiskunnan k\u00e4ytt\u00f6\u00f6n.<\/p>\n<p>VTT on sijainnut Otaniemess\u00e4 jo vuodesta 1949 l\u00e4htien, ja sen toiminta on tukenut alueen yritystoimintaa monin tavoin. VTT:n asiantuntijat ovat auttaneet yrityksi\u00e4 muun muassa tuotekehityksess\u00e4, innovaatioiden kaupallistamisessa ja liiketoiminnan kehitt\u00e4misess\u00e4. VTT on my\u00f6s tarjonnut yrityksille laboratorio- ja testauspalveluita sek\u00e4 tutkimusinfrastruktuuria, jota monet yritykset eiv\u00e4t itse olisi pystyneet hankkimaan.<\/p>\n<p>Lis\u00e4ksi VTT on ollut mukana perustamassa ja tukemassa useita Otaniemen alueen startup-yrityksi\u00e4, joista monet ovat kasvaneet menestyviksi yrityksiksi ja ty\u00f6llist\u00e4neet alueelle paljon ihmisi\u00e4. VTT on my\u00f6s ollut mukana kehitt\u00e4m\u00e4ss\u00e4 alueen startup-ekosysteemi\u00e4 yhdess\u00e4 muiden toimijoiden, kuten Aalto-yliopiston ja Espoon kaupungin kanssa.<\/p>\n<h4>Geologian tutkimuskeskus<\/h4>\n<p>Geologian tutkimuskeskus (GTK) on merkitt\u00e4v\u00e4 geotieteisiin erikoistunut tutkimuslaitos, joka sijaitsee Otaniemess\u00e4. GTK:n toiminta on ollut t\u00e4rke\u00e4 tekij\u00e4 yritystoiminnan kehitt\u00e4misess\u00e4 monella eri tavalla.<\/p>\n<p>GTK tarjoaa monipuolisia geotieteellisi\u00e4 tutkimus- ja asiantuntijapalveluita yrityksille. N\u00e4ihin palveluihin kuuluvat esimerkiksi malminetsint\u00e4, kaivostoiminnan ymp\u00e4rist\u00f6vaikutusten arviointi, geotekninen suunnittelu, kalliomekaniikka ja kaivannaisj\u00e4tteen k\u00e4sittely. N\u00e4iden palveluiden avulla yritykset voivat kehitt\u00e4\u00e4 omaa toimintaansa ja saavuttaa kilpailuetua.<\/p>\n<p>GTK on tehnyt tiivist\u00e4 yhteisty\u00f6t\u00e4 yritysten kanssa monissa eri projekteissa. T\u00e4m\u00e4 yhteisty\u00f6 on luonut uusia liiketoimintamahdollisuuksia sek\u00e4 GTK:lle ett\u00e4 yrityksille. GTK:n ja yritysten yhteisty\u00f6projekteissa on esimerkiksi kehitetty uusia kaivosteknologioita, l\u00f6ydetty uusia mineraaliesiintymi\u00e4 ja tutkittu maank\u00e4yt\u00f6n vaikutuksia ymp\u00e4rist\u00f6\u00f6n.<\/p>\n<p>GTK on tarjonnut yrityksille erilaisia tutkimus- ja laboratoriopalveluita. GTK:lla on laajat laboratoriot ja mittalaitteistot, joita yritykset voivat k\u00e4ytt\u00e4\u00e4 omien tuotteidensa ja prosessiensa kehitt\u00e4misess\u00e4. GTK on my\u00f6s mukana kansallisessa ja kansainv\u00e4lisess\u00e4 tutkimusyhteisty\u00f6ss\u00e4, joka edist\u00e4\u00e4 uusien teknologioiden kehitt\u00e4mist\u00e4 ja kaupallistamista.<\/p>\n<p>GTK:n toiminta Otaniemess\u00e4 on t\u00e4rke\u00e4 tekij\u00e4 yritystoiminnan kehitt\u00e4misess\u00e4 geotieteiden alalla. GTK:n tarjoamat tutkimus- ja asiantuntijapalvelut, yhteisty\u00f6mahdollisuudet sek\u00e4 laboratorio- ja mittauspalvelut ovat auttaneet yrityksi\u00e4 kehitt\u00e4m\u00e4\u00e4n omaa toimintaansa ja luomaan uusia liiketoimintamahdollisuuksia.<\/p>\n<h4>KCL, Oy Keskuslaboratorio &#8211; Centrallaboratorium Ab<\/h4>\n<p>Oy Keskuslaboratorio &#8211; Centrallaboratorium Ab, joka tunnetaan nimell\u00e4 KCL, on suomalainen tutkimusyhti\u00f6, joka tarjoaa palveluja bio- ja mets\u00e4teollisuuden tuotekehitykseen. KCL:n p\u00e4\u00e4toimipaikka on Otaniemess\u00e4, jossa sijaitseva koetehdas on valmistunut 1962 arkkitehti Heimo Kautosen suunnitelmien mukaan.<\/p>\n<p>Yhti\u00f6 on perustettu vuonna 1916. Aluksi se toimi Helsingin yliopiston kemian laitoksen yhteydess\u00e4, mutta muutti my\u00f6hemmin Espooseen. KCL on ollut mukana monissa merkitt\u00e4viss\u00e4 innovaatioissa, kuten sellun valkaisussa, paperin p\u00e4\u00e4llyst\u00e4misess\u00e4 ja pakkausmateriaaleissa.<\/p>\n<p>Vuonna 2009 KCL myi tutkimus- ja laboratoriotoimintansa VTT:lle. Vuoden 2021 lopussa yhti\u00f6ll\u00e4 oli en\u00e4\u00e4 28 ty\u00f6ntekij\u00e4\u00e4.<\/p>\n<p>KCL:n ovat omistaneet suomalaiset mets\u00e4teollisuusyhti\u00f6t Mets\u00e4 Board Oyj, Mets\u00e4 Fibre Oy, Stora Enso Oyj and UPM-Kymmene Oyj. Innomaterials Oy osti KCL:n koeajo- ja laboratorioliiketoiminnan 1.1.2023 alkaen. Vanhan KCL:n kiinteist\u00f6liiketoiminta ei kuulunut kauppaan.<\/p>\n<p>Innomaterials Oy jatkaa liiketoimintaa k\u00e4ytt\u00e4en nimenvaihdoksen j\u00e4lkeen Oy Keskuslaboratorio-Centrallaboratorium Ab nime\u00e4 ja KCL tavaramerkki\u00e4. Innomaterials Oy on suomalaisten bio- ja rahoitusalalla toimivien yritt\u00e4jien ja KCL:n johdon perustama yhti\u00f6. Yhti\u00f6ss\u00e4 on noin 35 ty\u00f6ntekij\u00e4\u00e4.<\/p>\n","protected":false},"excerpt":{"rendered":"<p>Esko Uotila Otaniemi tarjoaa monenlaisia palveluja yrityksille ja yhteis\u00f6ille, jotka haluavat hy\u00f6dynt\u00e4\u00e4 alueen osaamista, verkostoja ja tiloja.\u00a0Business Espoo on palvelukokonaisuus, joka auttaa yrityksi\u00e4 perustamisesta kasvuun ja kansainv\u00e4listymiseen. Business Espoo toimii A Gridiss\u00e4, joka on Aalto-yliopiston kampuksella sijaitseva startup-keskus.\u00a0Smart Otaniemi on <span class=\"excerpt-dots\">&hellip;<\/span> <a class=\"more-link\" href=\"https:\/\/espoonperinneseura.net\/yritykset\/yrittajyys\/tutkimustoimintaa-otaniemessa\/\"><span class=\"more-msg\">Jatka lukemista &rarr;<\/span><\/a><\/p>\n","protected":false},"author":1,"featured_media":0,"parent":288,"menu_order":0,"comment_status":"closed","ping_status":"closed","template":"","meta":{"om_disable_all_campaigns":false,"_monsterinsights_skip_tracking":false,"_monsterinsights_sitenote_active":false,"_monsterinsights_sitenote_note":"","_monsterinsights_sitenote_category":0,"_uf_show_specific_survey":0,"_uf_disable_surveys":false,"footnotes":""},"class_list":["post-883","page","type-page","status-publish","hentry"],"aioseo_notices":[],"featured_image_src":null,"_links":{"self":[{"href":"https:\/\/espoonperinneseura.net\/yritykset\/wp-json\/wp\/v2\/pages\/883","targetHints":{"allow":["GET"]}}],"collection":[{"href":"https:\/\/espoonperinneseura.net\/yritykset\/wp-json\/wp\/v2\/pages"}],"about":[{"href":"https:\/\/espoonperinneseura.net\/yritykset\/wp-json\/wp\/v2\/types\/page"}],"author":[{"embeddable":true,"href":"https:\/\/espoonperinneseura.net\/yritykset\/wp-json\/wp\/v2\/users\/1"}],"replies":[{"embeddable":true,"href":"https:\/\/espoonperinneseura.net\/yritykset\/wp-json\/wp\/v2\/comments?post=883"}],"version-history":[{"count":7,"href":"https:\/\/espoonperinneseura.net\/yritykset\/wp-json\/wp\/v2\/pages\/883\/revisions"}],"predecessor-version":[{"id":895,"href":"https:\/\/espoonperinneseura.net\/yritykset\/wp-json\/wp\/v2\/pages\/883\/revisions\/895"}],"up":[{"embeddable":true,"href":"https:\/\/espoonperinneseura.net\/yritykset\/wp-json\/wp\/v2\/pages\/288"}],"wp:attachment":[{"href":"https:\/\/espoonperinneseura.net\/yritykset\/wp-json\/wp\/v2\/media?parent=883"}],"curies":[{"name":"wp","href":"https:\/\/api.w.org\/{rel}","templated":true}]}}