{"id":909,"date":"2023-04-19T09:36:18","date_gmt":"2023-04-19T06:36:18","guid":{"rendered":"https:\/\/espoonperinneseura.net\/yritykset\/?page_id=909"},"modified":"2023-04-19T10:23:11","modified_gmt":"2023-04-19T07:23:11","slug":"espoon-vuoden-yrittajat-2023","status":"publish","type":"page","link":"https:\/\/espoonperinneseura.net\/yritykset\/tarinoita-yritysmaailmasta\/espoon-vuoden-yrittajat-2023\/","title":{"rendered":"Espoon Vuoden yritt\u00e4j\u00e4t 2023"},"content":{"rendered":"<p>Espoon Vuoden yritt\u00e4j\u00e4t 2023 ovat Ilmapallokeskus Balloon Center Oy:n perustajat ja omistajat Petri Nieminen ja Jonna Nieminen.<\/p>\n<p>Ilmapallokeskus Balloon Center Oy on vuonna 1991 perustettu perheyritys, joka on rakentanut ilmapallo- ja juhlakulttuuria Suomeen yli kolmen vuosikymmenen ajan. Ilmapallokeskus Balloon Centerill\u00e4 on seitsem\u00e4n omaa Juhlamaailma-myym\u00e4l\u00e4\u00e4 ja verkkokauppa.<\/p>\n<p>Yritys on menestynyt perustamisesta l\u00e4htien vuodesta toiseen olosuhteet huomioiden erinomaisesti. Ilmapallokeskus pystyi sel\u00e4tt\u00e4m\u00e4\u00e4n heti perustamisensa j\u00e4lkeen 90-luvun laman, seuraavalla vuosikymmenell\u00e4 vuoden 2008 finanssikriisin ja viimeksi koronan, vaikka toimiala oli yksi niist\u00e4, joihin yritysten taloutta heiluttaneet ongelmat iskiv\u00e4t erityisen voimakkaasti. Vaikeuksien sel\u00e4tt\u00e4misess\u00e4 on auttanut yrityksen vahva kassa.<\/p>\n<p>Yritys toimi vastuullisesti ja pyrkii edist\u00e4m\u00e4\u00e4n alan kehityst\u00e4 valitsemalla sellaiset yhteisty\u00f6kumppanit, joiden laatutaso ja toiminta vastaa yrityksen vaatimuksia ja alan standardeja. Yritys kuuluu mm. leluyhdistykseen ja lukuisiin muihin toimielimiin niin Suomessa kuin Euroopassakin, kuten eurooppalaiseen Balloon &amp; Party Council -neuvostoon, jonka tarkoituksena on varmistaa alan tuoteturvallisuus, yhten\u00e4iset toimintatavat ja tehd\u00e4 alaan liittyviss\u00e4 asioissa yhteisty\u00f6t\u00e4 viranomaisten kanssa.<\/p>\n<p>Viimeksi p\u00e4\u00e4ttyneen tilikauden liikevaihto nousi yli 12 miljoonaan euroon, jossa oli kasvua edellisvuodesta per\u00e4ti 35 prosenttia. Osittain kasvun taustalla oli parina edellisvuonna myyntituottoihin vaikuttanut korona. Tilikauden tulos oli 725 000 euroa ja liikevoitto 7,8 prosenttia. Yrityksess\u00e4 ty\u00f6skentelee yli 70 alan ammattilaista valmiina auttamaan niin yksityisten juhlien kuin yritysten tapahtuman\u00e4kyvyyden j\u00e4rjest\u00e4misess\u00e4.<\/p>\n<p>L\u00e4hteet:<\/p>\n<p><a href=\"https:\/\/www.ilmapallokeskus.fi\/\" target=\"_blank\" rel=\"noopener\">Ilmapallokeskus<\/a><\/p>\n<p><a href=\"https:\/\/www.yrittajat.fi\/uutiset\/espoon-vuoden-yrittajat-2023-jonna-ja-petri-nieminen-ilmapallokeskus-balloon-center-oy\/\">Espoon Vuoden yritt\u00e4j\u00e4t 2023: Jonna ja Petri Nieminen &#8211; Ilmapallokeskus Balloon Center Oy &#8211; Yrittajat.fi<\/a><\/p>\n<p><a href=\"https:\/\/www.espoo.fi\/fi\/uutiset\/2023\/04\/espoon-vuoden-yrittajille-vappu-on-joulu\">Espoon Vuoden yritt\u00e4jille vappu on joulu | Espoon kaupunki<\/a><\/p>\n","protected":false},"excerpt":{"rendered":"<p>Espoon Vuoden yritt\u00e4j\u00e4t 2023 ovat Ilmapallokeskus Balloon Center Oy:n perustajat ja omistajat Petri Nieminen ja Jonna Nieminen. Ilmapallokeskus Balloon Center Oy on vuonna 1991 perustettu perheyritys, joka on rakentanut ilmapallo- ja juhlakulttuuria Suomeen yli kolmen vuosikymmenen ajan. Ilmapallokeskus Balloon Centerill\u00e4 <span class=\"excerpt-dots\">&hellip;<\/span> <a class=\"more-link\" href=\"https:\/\/espoonperinneseura.net\/yritykset\/tarinoita-yritysmaailmasta\/espoon-vuoden-yrittajat-2023\/\"><span class=\"more-msg\">Jatka lukemista &rarr;<\/span><\/a><\/p>\n","protected":false},"author":1,"featured_media":0,"parent":322,"menu_order":0,"comment_status":"closed","ping_status":"closed","template":"","meta":{"om_disable_all_campaigns":false,"_monsterinsights_skip_tracking":false,"_monsterinsights_sitenote_active":false,"_monsterinsights_sitenote_note":"","_monsterinsights_sitenote_category":0,"_uf_show_specific_survey":0,"_uf_disable_surveys":false,"footnotes":""},"class_list":["post-909","page","type-page","status-publish","hentry"],"aioseo_notices":[],"featured_image_src":null,"_links":{"self":[{"href":"https:\/\/espoonperinneseura.net\/yritykset\/wp-json\/wp\/v2\/pages\/909","targetHints":{"allow":["GET"]}}],"collection":[{"href":"https:\/\/espoonperinneseura.net\/yritykset\/wp-json\/wp\/v2\/pages"}],"about":[{"href":"https:\/\/espoonperinneseura.net\/yritykset\/wp-json\/wp\/v2\/types\/page"}],"author":[{"embeddable":true,"href":"https:\/\/espoonperinneseura.net\/yritykset\/wp-json\/wp\/v2\/users\/1"}],"replies":[{"embeddable":true,"href":"https:\/\/espoonperinneseura.net\/yritykset\/wp-json\/wp\/v2\/comments?post=909"}],"version-history":[{"count":4,"href":"https:\/\/espoonperinneseura.net\/yritykset\/wp-json\/wp\/v2\/pages\/909\/revisions"}],"predecessor-version":[{"id":916,"href":"https:\/\/espoonperinneseura.net\/yritykset\/wp-json\/wp\/v2\/pages\/909\/revisions\/916"}],"up":[{"embeddable":true,"href":"https:\/\/espoonperinneseura.net\/yritykset\/wp-json\/wp\/v2\/pages\/322"}],"wp:attachment":[{"href":"https:\/\/espoonperinneseura.net\/yritykset\/wp-json\/wp\/v2\/media?parent=909"}],"curies":[{"name":"wp","href":"https:\/\/api.w.org\/{rel}","templated":true}]}}